{"id":21499,"date":"2022-03-18T07:46:23","date_gmt":"2022-03-18T07:46:23","guid":{"rendered":"https:\/\/www.mobileurinal.eu\/?post_type=product&#038;p=21499"},"modified":"2022-05-20T12:54:39","modified_gmt":"2022-05-20T12:54:39","slug":"behinderten-toilettenkabine","status":"publish","type":"product","link":"https:\/\/atlastoilets.com\/de\/produkt\/behinderten-toilettenkabine\/","title":{"rendered":"Behinderten-Toilettenkabine Comfort XL by PolyJohn"},"content":{"rendered":"<p><span id=\"result_box\" class=\"\" lang=\"de\"><strong><em><span class=\"hps\">Behinderten-Toilettenkabine<\/span>\u00a0<span class=\"hps alt-edited\">f\u00fcr Rollstuhlfahrer<\/span><\/em><\/strong><\/span><\/p>\n<p><span class=\"hps\">Menschen mit k\u00f6rperlichen<\/span> <span class=\"hps\">Behinderungen oder eingeschr\u00e4nkter Mobilit\u00e4t<\/span>, insbesondere <span class=\"hps\">Rollstuhlfahrer,<\/span> k\u00f6nnen <span class=\"hps\">auf der<\/span> <span class=\"hps\">Poly<\/span> <span class=\"hps\">John<\/span> <span class=\"hps\">Comfort<\/span> <span class=\"hps\">XL<\/span> <span class=\"hps\">mobilen<\/span> <span class=\"hps\">Behinderten<\/span> <span class=\"hps\">WC<\/span> z\u00e4hlen <span class=\"hps\">f\u00fcr eine sichere,<\/span> <span class=\"hps\">komfortable und bequeme<\/span> <span class=\"hps\">Sanit\u00e4ranlagen<\/span><span class=\"hps\">.<\/span> <span class=\"hps\">Bei<\/span> <span class=\"hps\">privaten und \u00f6ffentlichen Veranstaltungen<\/span>, <span class=\"hps\">formell oder informell,<\/span> <span class=\"hps\">Hochzeit<\/span><span class=\"\">, Konzert,<\/span> <span class=\"hps\">Ausstellung, Festival<\/span> <span class=\"hps\">oder Party<\/span>, ist ein Behinderten-Toilettenkabine<span class=\"hps\">\u00a0<\/span><span class=\"hps\">nicht nur<\/span> <span class=\"hps\">Statisten<\/span>, <span class=\"hps\">sie ist wesentlich<\/span>.<\/p>\n<p><span class=\"hps\">In der Tat,<\/span> <span class=\"hps\">kann jeder Benutzer<\/span><span class=\"\">, die mehr Platz<\/span><span class=\"\">, Zug\u00e4nglichkeit und<\/span> <span class=\"hps\">Benutzerfreundlichkeit<\/span> <span class=\"hps\">ben\u00f6tigt diese<\/span> <span class=\"hps\">Toilette<\/span> <span class=\"hps\">zu sch\u00e4tzen wissen.<\/span><\/p>\n<p><span class=\"hps\">Eigenschaften:<\/span><br \/>\n<span class=\"hps\">\u2022<\/span> <span class=\"hps\">Innenraum mit<\/span> <span class=\"hps\">fast 5<\/span> <span class=\"hps\">quadratischen Grund<\/span><br \/>\n<span class=\"hps\">\u2022<\/span> <span class=\"hps\">\u00dcbergr\u00f6\u00dfe,<\/span> <span class=\"hps\">selbstschlie\u00dfende<\/span> <span class=\"hps\">T\u00fcr<\/span><br \/>\n<span class=\"hps\">\u2022<\/span> <span class=\"hps\">Ebenartigen Eintritt<\/span><br \/>\n<span class=\"hps\">\u2022 Innenhandl\u00e4ufe<\/span><\/p>\n<p>Specifikationen:<\/p>\n<table border=\"1\" cellspacing=\"0\" cellpadding=\"0\">\n<tbody>\n<tr>\n<td valign=\"top\" width=\"284\">H\u00f6he<\/td>\n<td valign=\"top\" width=\"284\">231 cm<\/td>\n<\/tr>\n<tr>\n<td valign=\"top\" width=\"284\">Breite<\/td>\n<td valign=\"top\" width=\"284\">157 cm<\/td>\n<\/tr>\n<tr>\n<td valign=\"top\" width=\"284\">Tiefe<\/td>\n<td valign=\"top\" width=\"284\">157 cm<\/td>\n<\/tr>\n<tr>\n<td valign=\"top\" width=\"284\">T\u00fcr \u00d6ffnung<\/td>\n<td valign=\"top\" width=\"284\">81 x 188 cm<\/td>\n<\/tr>\n<tr>\n<td valign=\"top\" width=\"284\">Inneres<\/td>\n<td valign=\"top\" width=\"284\">150 x 150 cm<\/td>\n<\/tr>\n<tr>\n<td valign=\"top\" width=\"284\">Tank Kapazit\u00e4t<\/td>\n<td valign=\"top\" width=\"284\">125 liter<\/td>\n<\/tr>\n<tr>\n<td valign=\"top\" width=\"284\">Sitzh\u00f6he<\/td>\n<td valign=\"top\" width=\"284\">48 cm<\/td>\n<\/tr>\n<tr>\n<td valign=\"top\" width=\"284\">Gewicht<\/td>\n<td valign=\"top\" width=\"284\">108 kg<\/td>\n<\/tr>\n<tr>\n<td valign=\"top\" width=\"284\">Material<\/td>\n<td valign=\"top\" width=\"284\">HDPE<\/td>\n<\/tr>\n<\/tbody>\n<\/table>\n","protected":false},"excerpt":{"rendered":"<p><span class=\"hps\"><span id=\"result_box\" class=\"\" lang=\"de\">Behinderten-Toilettenkabine\u00a0<span class=\"hps alt-edited\">f\u00fcr Rollstuhlfahrer.<\/span><\/span><br \/>\nMenschen mit k\u00f6rperlichen<\/span> <span class=\"hps\">Behinderungen oder eingeschr\u00e4nkter Mobilit\u00e4t<\/span>, insbesondere <span class=\"hps\">Rollstuhlfahrer,<\/span> k\u00f6nnen <span class=\"hps\">auf der<\/span> <span class=\"hps\">Poly<\/span> <span class=\"hps\">John<\/span> <span class=\"hps\">Comfort<\/span> <span class=\"hps\">XL<\/span> <span class=\"hps\">mobilen<\/span> <span class=\"hps\">Behinderten<\/span> <span class=\"hps\">WC<\/span> z\u00e4hlen <span class=\"hps\">f\u00fcr eine sichere,<\/span> <span class=\"hps\">komfortable und bequeme<\/span> <span class=\"hps\">Sanit\u00e4ranlagen<\/span><span class=\"hps\">.<\/span> <span class=\"hps\">Bei<\/span> <span class=\"hps\">privaten und \u00f6ffentlichen Veranstaltungen<\/span>, <span class=\"hps\">formell oder informell,<\/span> <span class=\"hps\">Hochzeit<\/span><span class=\"\">, Konzert,<\/span> <span class=\"hps\">Ausstellung, Festival<\/span> <span class=\"hps\">oder Party<\/span>, sind <span class=\"hps\">behindertengerechte<\/span> <span class=\"hps\">Toiletten\u00a0<\/span><span class=\"hps\">nicht nur<\/span> <span class=\"hps\">Statisten<\/span>, <span class=\"hps\">sie sind wesentlich<\/span>.<\/p>\n","protected":false},"featured_media":21703,"template":"","meta":[],"product_brand":[],"product_cat":[883],"product_tag":[],"class_list":{"0":"post-21499","1":"product","2":"type-product","3":"status-publish","4":"has-post-thumbnail","6":"product_cat-behinderten-toilettenkabinen","8":"first","9":"instock","10":"taxable","11":"shipping-taxable","12":"purchasable","13":"product-type-variable","14":"has-default-attributes"},"yoast_head":"<!-- This site is optimized with the Yoast SEO plugin v27.4 - https:\/\/yoast.com\/product\/yoast-seo-wordpress\/ -->\n<title>Behinderten-Toilettenkabine\u00a0f\u00fcr Menschen mit k\u00f6rperlichen Behinderungen<\/title>\n<meta name=\"description\" content=\"Behinderten-Toilettenkabine\u00a0f\u00fcr Menschen mit k\u00f6rperlichen Behinderungen oder eingeschr\u00e4nkter Mobilit\u00e4t, insbesondere Rollstuhlfahrer,\" \/>\n<meta name=\"robots\" content=\"index, follow, max-snippet:-1, max-image-preview:large, max-video-preview:-1\" \/>\n<link rel=\"canonical\" href=\"https:\/\/atlastoilets.com\/de\/produkt\/behinderten-toilettenkabine\/\" \/>\n<meta property=\"og:locale\" content=\"de_DE\" \/>\n<meta property=\"og:type\" content=\"article\" \/>\n<meta property=\"og:title\" content=\"Behinderten-Toilettenkabine\u00a0f\u00fcr Menschen mit k\u00f6rperlichen Behinderungen\" \/>\n<meta property=\"og:description\" content=\"Behinderten-Toilettenkabine\u00a0f\u00fcr Menschen mit k\u00f6rperlichen Behinderungen oder eingeschr\u00e4nkter Mobilit\u00e4t, insbesondere Rollstuhlfahrer,\" \/>\n<meta property=\"og:url\" content=\"https:\/\/atlastoilets.com\/de\/produkt\/behinderten-toilettenkabine\/\" \/>\n<meta property=\"og:site_name\" content=\"Atlas Sanitation Products\" \/>\n<meta property=\"article:modified_time\" content=\"2022-05-20T12:54:39+00:00\" \/>\n<meta property=\"og:image\" content=\"https:\/\/atlastoilets.com\/wp-content\/uploads\/2022\/03\/PolyJohns-handicap-toilet-3.jpg\" \/>\n\t<meta property=\"og:image:width\" content=\"1000\" \/>\n\t<meta property=\"og:image:height\" content=\"1000\" \/>\n\t<meta property=\"og:image:type\" content=\"image\/jpeg\" \/>\n<meta name=\"twitter:card\" content=\"summary_large_image\" \/>\n<meta name=\"twitter:label1\" content=\"Gesch\u00e4tzte Lesezeit\" \/>\n\t<meta name=\"twitter:data1\" content=\"1\u00a0Minute\" \/>\n<script type=\"application\/ld+json\" class=\"yoast-schema-graph\">{\"@context\":\"https:\\\/\\\/schema.org\",\"@graph\":[{\"@type\":[\"WebPage\",\"ItemPage\"],\"@id\":\"https:\\\/\\\/atlastoilets.com\\\/de\\\/produkt\\\/behinderten-toilettenkabine\\\/\",\"url\":\"https:\\\/\\\/atlastoilets.com\\\/de\\\/produkt\\\/behinderten-toilettenkabine\\\/\",\"name\":\"Behinderten-Toilettenkabine\u00a0f\u00fcr Menschen mit k\u00f6rperlichen Behinderungen\",\"isPartOf\":{\"@id\":\"https:\\\/\\\/atlastoilets.com\\\/#website\"},\"primaryImageOfPage\":{\"@id\":\"https:\\\/\\\/atlastoilets.com\\\/de\\\/produkt\\\/behinderten-toilettenkabine\\\/#primaryimage\"},\"image\":{\"@id\":\"https:\\\/\\\/atlastoilets.com\\\/de\\\/produkt\\\/behinderten-toilettenkabine\\\/#primaryimage\"},\"thumbnailUrl\":\"https:\\\/\\\/atlastoilets.com\\\/wp-content\\\/uploads\\\/2022\\\/03\\\/PolyJohns-handicap-toilet-3.jpg\",\"datePublished\":\"2022-03-18T07:46:23+00:00\",\"dateModified\":\"2022-05-20T12:54:39+00:00\",\"description\":\"Behinderten-Toilettenkabine\u00a0f\u00fcr Menschen mit k\u00f6rperlichen Behinderungen oder eingeschr\u00e4nkter Mobilit\u00e4t, insbesondere Rollstuhlfahrer,\",\"breadcrumb\":{\"@id\":\"https:\\\/\\\/atlastoilets.com\\\/de\\\/produkt\\\/behinderten-toilettenkabine\\\/#breadcrumb\"},\"inLanguage\":\"de\",\"potentialAction\":[{\"@type\":\"ReadAction\",\"target\":[\"https:\\\/\\\/atlastoilets.com\\\/de\\\/produkt\\\/behinderten-toilettenkabine\\\/\"]}]},{\"@type\":\"ImageObject\",\"inLanguage\":\"de\",\"@id\":\"https:\\\/\\\/atlastoilets.com\\\/de\\\/produkt\\\/behinderten-toilettenkabine\\\/#primaryimage\",\"url\":\"https:\\\/\\\/atlastoilets.com\\\/wp-content\\\/uploads\\\/2022\\\/03\\\/PolyJohns-handicap-toilet-3.jpg\",\"contentUrl\":\"https:\\\/\\\/atlastoilets.com\\\/wp-content\\\/uploads\\\/2022\\\/03\\\/PolyJohns-handicap-toilet-3.jpg\",\"width\":1000,\"height\":1000,\"caption\":\"Behinderten-Toilettenkabine\"},{\"@type\":\"BreadcrumbList\",\"@id\":\"https:\\\/\\\/atlastoilets.com\\\/de\\\/produkt\\\/behinderten-toilettenkabine\\\/#breadcrumb\",\"itemListElement\":[{\"@type\":\"ListItem\",\"position\":1,\"name\":\"Home\",\"item\":\"https:\\\/\\\/atlastoilets.com\\\/de\\\/\"},{\"@type\":\"ListItem\",\"position\":2,\"name\":\"Shop\",\"item\":\"https:\\\/\\\/atlastoilets.com\\\/de\\\/shop-2\\\/\"},{\"@type\":\"ListItem\",\"position\":3,\"name\":\"Behinderten-Toilettenkabine Comfort XL by PolyJohn\"}]},{\"@type\":\"WebSite\",\"@id\":\"https:\\\/\\\/atlastoilets.com\\\/#website\",\"url\":\"https:\\\/\\\/atlastoilets.com\\\/\",\"name\":\"Atlas Sanitation Products\",\"description\":\"Total supplier for toilet rental companies\",\"potentialAction\":[{\"@type\":\"SearchAction\",\"target\":{\"@type\":\"EntryPoint\",\"urlTemplate\":\"https:\\\/\\\/atlastoilets.com\\\/?s={search_term_string}\"},\"query-input\":{\"@type\":\"PropertyValueSpecification\",\"valueRequired\":true,\"valueName\":\"search_term_string\"}}],\"inLanguage\":\"de\"}]}<\/script>\n<!-- \/ Yoast SEO plugin. -->","yoast_head_json":{"title":"Behinderten-Toilettenkabine\u00a0f\u00fcr Menschen mit k\u00f6rperlichen Behinderungen","description":"Behinderten-Toilettenkabine\u00a0f\u00fcr Menschen mit k\u00f6rperlichen Behinderungen oder eingeschr\u00e4nkter Mobilit\u00e4t, insbesondere Rollstuhlfahrer,","robots":{"index":"index","follow":"follow","max-snippet":"max-snippet:-1","max-image-preview":"max-image-preview:large","max-video-preview":"max-video-preview:-1"},"canonical":"https:\/\/atlastoilets.com\/de\/produkt\/behinderten-toilettenkabine\/","og_locale":"de_DE","og_type":"article","og_title":"Behinderten-Toilettenkabine\u00a0f\u00fcr Menschen mit k\u00f6rperlichen Behinderungen","og_description":"Behinderten-Toilettenkabine\u00a0f\u00fcr Menschen mit k\u00f6rperlichen Behinderungen oder eingeschr\u00e4nkter Mobilit\u00e4t, insbesondere Rollstuhlfahrer,","og_url":"https:\/\/atlastoilets.com\/de\/produkt\/behinderten-toilettenkabine\/","og_site_name":"Atlas Sanitation Products","article_modified_time":"2022-05-20T12:54:39+00:00","og_image":[{"width":1000,"height":1000,"url":"https:\/\/atlastoilets.com\/wp-content\/uploads\/2022\/03\/PolyJohns-handicap-toilet-3.jpg","type":"image\/jpeg"}],"twitter_card":"summary_large_image","twitter_misc":{"Gesch\u00e4tzte Lesezeit":"1\u00a0Minute"},"schema":{"@context":"https:\/\/schema.org","@graph":[{"@type":["WebPage","ItemPage"],"@id":"https:\/\/atlastoilets.com\/de\/produkt\/behinderten-toilettenkabine\/","url":"https:\/\/atlastoilets.com\/de\/produkt\/behinderten-toilettenkabine\/","name":"Behinderten-Toilettenkabine\u00a0f\u00fcr Menschen mit k\u00f6rperlichen Behinderungen","isPartOf":{"@id":"https:\/\/atlastoilets.com\/#website"},"primaryImageOfPage":{"@id":"https:\/\/atlastoilets.com\/de\/produkt\/behinderten-toilettenkabine\/#primaryimage"},"image":{"@id":"https:\/\/atlastoilets.com\/de\/produkt\/behinderten-toilettenkabine\/#primaryimage"},"thumbnailUrl":"https:\/\/atlastoilets.com\/wp-content\/uploads\/2022\/03\/PolyJohns-handicap-toilet-3.jpg","datePublished":"2022-03-18T07:46:23+00:00","dateModified":"2022-05-20T12:54:39+00:00","description":"Behinderten-Toilettenkabine\u00a0f\u00fcr Menschen mit k\u00f6rperlichen Behinderungen oder eingeschr\u00e4nkter Mobilit\u00e4t, insbesondere Rollstuhlfahrer,","breadcrumb":{"@id":"https:\/\/atlastoilets.com\/de\/produkt\/behinderten-toilettenkabine\/#breadcrumb"},"inLanguage":"de","potentialAction":[{"@type":"ReadAction","target":["https:\/\/atlastoilets.com\/de\/produkt\/behinderten-toilettenkabine\/"]}]},{"@type":"ImageObject","inLanguage":"de","@id":"https:\/\/atlastoilets.com\/de\/produkt\/behinderten-toilettenkabine\/#primaryimage","url":"https:\/\/atlastoilets.com\/wp-content\/uploads\/2022\/03\/PolyJohns-handicap-toilet-3.jpg","contentUrl":"https:\/\/atlastoilets.com\/wp-content\/uploads\/2022\/03\/PolyJohns-handicap-toilet-3.jpg","width":1000,"height":1000,"caption":"Behinderten-Toilettenkabine"},{"@type":"BreadcrumbList","@id":"https:\/\/atlastoilets.com\/de\/produkt\/behinderten-toilettenkabine\/#breadcrumb","itemListElement":[{"@type":"ListItem","position":1,"name":"Home","item":"https:\/\/atlastoilets.com\/de\/"},{"@type":"ListItem","position":2,"name":"Shop","item":"https:\/\/atlastoilets.com\/de\/shop-2\/"},{"@type":"ListItem","position":3,"name":"Behinderten-Toilettenkabine Comfort XL by PolyJohn"}]},{"@type":"WebSite","@id":"https:\/\/atlastoilets.com\/#website","url":"https:\/\/atlastoilets.com\/","name":"Atlas Sanitation Products","description":"Total supplier for toilet rental companies","potentialAction":[{"@type":"SearchAction","target":{"@type":"EntryPoint","urlTemplate":"https:\/\/atlastoilets.com\/?s={search_term_string}"},"query-input":{"@type":"PropertyValueSpecification","valueRequired":true,"valueName":"search_term_string"}}],"inLanguage":"de"}]}},"_links":{"self":[{"href":"https:\/\/atlastoilets.com\/de\/wp-json\/wp\/v2\/product\/21499","targetHints":{"allow":["GET"]}}],"collection":[{"href":"https:\/\/atlastoilets.com\/de\/wp-json\/wp\/v2\/product"}],"about":[{"href":"https:\/\/atlastoilets.com\/de\/wp-json\/wp\/v2\/types\/product"}],"wp:featuredmedia":[{"embeddable":true,"href":"https:\/\/atlastoilets.com\/de\/wp-json\/wp\/v2\/media\/21703"}],"wp:attachment":[{"href":"https:\/\/atlastoilets.com\/de\/wp-json\/wp\/v2\/media?parent=21499"}],"wp:term":[{"taxonomy":"product_brand","embeddable":true,"href":"https:\/\/atlastoilets.com\/de\/wp-json\/wp\/v2\/product_brand?post=21499"},{"taxonomy":"product_cat","embeddable":true,"href":"https:\/\/atlastoilets.com\/de\/wp-json\/wp\/v2\/product_cat?post=21499"},{"taxonomy":"product_tag","embeddable":true,"href":"https:\/\/atlastoilets.com\/de\/wp-json\/wp\/v2\/product_tag?post=21499"}],"curies":[{"name":"wp","href":"https:\/\/api.w.org\/{rel}","templated":true}]}}