{"id":20420,"date":"2022-03-07T13:41:54","date_gmt":"2022-03-07T13:41:54","guid":{"rendered":"https:\/\/www.mobileurinal.eu\/product\/blind-camlock-kupplung\/"},"modified":"2022-05-20T14:10:33","modified_gmt":"2022-05-20T14:10:33","slug":"blind-camlock-kupplung","status":"publish","type":"product","link":"https:\/\/atlastoilets.com\/de\/produkt\/blind-camlock-kupplung\/","title":{"rendered":"Blind-Camlock-Kupplung"},"content":{"rendered":"<p>Blind-Camlock-Kupplung f\u00fcr Hochvakuumschl\u00e4uche, verwendet auf Servicetrucks von Toilettenvermietern.<br \/>\nDie Hi-Vac-Schl\u00e4uche werden zum Entleeren des F\u00e4kalientanks von mobilen Toiletten verwendet.<\/p>\n","protected":false},"excerpt":{"rendered":"<p>Blind-Camlock-Kupplung f\u00fcr Hochvakuumschl\u00e4uche, verwendet auf Servicetrucks von Toilettenvermietern.<\/p>\n","protected":false},"featured_media":18952,"template":"","meta":[],"product_brand":[],"product_cat":[899],"product_tag":[],"class_list":{"0":"post-20420","1":"product","2":"type-product","3":"status-publish","4":"has-post-thumbnail","6":"product_cat-teile-fuer-service-lkws","8":"first","9":"instock","10":"taxable","11":"shipping-taxable","12":"purchasable","13":"product-type-simple"},"yoast_head":"<!-- This site is optimized with the Yoast SEO plugin v27.4 - https:\/\/yoast.com\/product\/yoast-seo-wordpress\/ -->\n<title>Blind-Camlock-Kupplung f\u00fcr Hochvakuumschl\u00e4uche<\/title>\n<meta name=\"description\" content=\"Blind-Camlock-Kupplung f\u00fcr Hochvakuumschl\u00e4uche, verwendet auf Servicetrucks von Toilettenvermietern zum Entleeren des F\u00e4kalientanks\" \/>\n<meta name=\"robots\" content=\"index, follow, max-snippet:-1, max-image-preview:large, max-video-preview:-1\" \/>\n<link rel=\"canonical\" href=\"https:\/\/atlastoilets.com\/de\/produkt\/blind-camlock-kupplung\/\" \/>\n<meta property=\"og:locale\" content=\"de_DE\" \/>\n<meta property=\"og:type\" content=\"article\" \/>\n<meta property=\"og:title\" content=\"Blind-Camlock-Kupplung f\u00fcr Hochvakuumschl\u00e4uche\" \/>\n<meta property=\"og:description\" content=\"Blind-Camlock-Kupplung f\u00fcr Hochvakuumschl\u00e4uche, verwendet auf Servicetrucks von Toilettenvermietern zum Entleeren des F\u00e4kalientanks\" \/>\n<meta property=\"og:url\" content=\"https:\/\/atlastoilets.com\/de\/produkt\/blind-camlock-kupplung\/\" \/>\n<meta property=\"og:site_name\" content=\"Atlas Sanitation Products\" \/>\n<meta property=\"article:modified_time\" content=\"2022-05-20T14:10:33+00:00\" \/>\n<meta property=\"og:image\" content=\"https:\/\/atlastoilets.com\/wp-content\/uploads\/2022\/03\/5015513-camlock.jpg\" \/>\n\t<meta property=\"og:image:width\" content=\"600\" \/>\n\t<meta property=\"og:image:height\" content=\"600\" \/>\n\t<meta property=\"og:image:type\" content=\"image\/jpeg\" \/>\n<meta name=\"twitter:card\" content=\"summary_large_image\" \/>\n<script type=\"application\/ld+json\" class=\"yoast-schema-graph\">{\"@context\":\"https:\\\/\\\/schema.org\",\"@graph\":[{\"@type\":[\"WebPage\",\"ItemPage\"],\"@id\":\"https:\\\/\\\/atlastoilets.com\\\/de\\\/produkt\\\/blind-camlock-kupplung\\\/\",\"url\":\"https:\\\/\\\/atlastoilets.com\\\/de\\\/produkt\\\/blind-camlock-kupplung\\\/\",\"name\":\"Blind-Camlock-Kupplung f\u00fcr Hochvakuumschl\u00e4uche\",\"isPartOf\":{\"@id\":\"https:\\\/\\\/atlastoilets.com\\\/#website\"},\"primaryImageOfPage\":{\"@id\":\"https:\\\/\\\/atlastoilets.com\\\/de\\\/produkt\\\/blind-camlock-kupplung\\\/#primaryimage\"},\"image\":{\"@id\":\"https:\\\/\\\/atlastoilets.com\\\/de\\\/produkt\\\/blind-camlock-kupplung\\\/#primaryimage\"},\"thumbnailUrl\":\"https:\\\/\\\/atlastoilets.com\\\/wp-content\\\/uploads\\\/2022\\\/03\\\/5015513-camlock.jpg\",\"datePublished\":\"2022-03-07T13:41:54+00:00\",\"dateModified\":\"2022-05-20T14:10:33+00:00\",\"description\":\"Blind-Camlock-Kupplung f\u00fcr Hochvakuumschl\u00e4uche, verwendet auf Servicetrucks von Toilettenvermietern zum Entleeren des F\u00e4kalientanks\",\"breadcrumb\":{\"@id\":\"https:\\\/\\\/atlastoilets.com\\\/de\\\/produkt\\\/blind-camlock-kupplung\\\/#breadcrumb\"},\"inLanguage\":\"de\",\"potentialAction\":[{\"@type\":\"ReadAction\",\"target\":[\"https:\\\/\\\/atlastoilets.com\\\/de\\\/produkt\\\/blind-camlock-kupplung\\\/\"]}]},{\"@type\":\"ImageObject\",\"inLanguage\":\"de\",\"@id\":\"https:\\\/\\\/atlastoilets.com\\\/de\\\/produkt\\\/blind-camlock-kupplung\\\/#primaryimage\",\"url\":\"https:\\\/\\\/atlastoilets.com\\\/wp-content\\\/uploads\\\/2022\\\/03\\\/5015513-camlock.jpg\",\"contentUrl\":\"https:\\\/\\\/atlastoilets.com\\\/wp-content\\\/uploads\\\/2022\\\/03\\\/5015513-camlock.jpg\",\"width\":600,\"height\":600,\"caption\":\"Blind-Camlock-Kupplung\"},{\"@type\":\"BreadcrumbList\",\"@id\":\"https:\\\/\\\/atlastoilets.com\\\/de\\\/produkt\\\/blind-camlock-kupplung\\\/#breadcrumb\",\"itemListElement\":[{\"@type\":\"ListItem\",\"position\":1,\"name\":\"Home\",\"item\":\"https:\\\/\\\/atlastoilets.com\\\/de\\\/\"},{\"@type\":\"ListItem\",\"position\":2,\"name\":\"Shop\",\"item\":\"https:\\\/\\\/atlastoilets.com\\\/de\\\/shop-2\\\/\"},{\"@type\":\"ListItem\",\"position\":3,\"name\":\"Blind-Camlock-Kupplung\"}]},{\"@type\":\"WebSite\",\"@id\":\"https:\\\/\\\/atlastoilets.com\\\/#website\",\"url\":\"https:\\\/\\\/atlastoilets.com\\\/\",\"name\":\"Atlas Sanitation Products\",\"description\":\"Total supplier for toilet rental companies\",\"potentialAction\":[{\"@type\":\"SearchAction\",\"target\":{\"@type\":\"EntryPoint\",\"urlTemplate\":\"https:\\\/\\\/atlastoilets.com\\\/?s={search_term_string}\"},\"query-input\":{\"@type\":\"PropertyValueSpecification\",\"valueRequired\":true,\"valueName\":\"search_term_string\"}}],\"inLanguage\":\"de\"}]}<\/script>\n<!-- \/ Yoast SEO plugin. -->","yoast_head_json":{"title":"Blind-Camlock-Kupplung f\u00fcr Hochvakuumschl\u00e4uche","description":"Blind-Camlock-Kupplung f\u00fcr Hochvakuumschl\u00e4uche, verwendet auf Servicetrucks von Toilettenvermietern zum Entleeren des F\u00e4kalientanks","robots":{"index":"index","follow":"follow","max-snippet":"max-snippet:-1","max-image-preview":"max-image-preview:large","max-video-preview":"max-video-preview:-1"},"canonical":"https:\/\/atlastoilets.com\/de\/produkt\/blind-camlock-kupplung\/","og_locale":"de_DE","og_type":"article","og_title":"Blind-Camlock-Kupplung f\u00fcr Hochvakuumschl\u00e4uche","og_description":"Blind-Camlock-Kupplung f\u00fcr Hochvakuumschl\u00e4uche, verwendet auf Servicetrucks von Toilettenvermietern zum Entleeren des F\u00e4kalientanks","og_url":"https:\/\/atlastoilets.com\/de\/produkt\/blind-camlock-kupplung\/","og_site_name":"Atlas Sanitation Products","article_modified_time":"2022-05-20T14:10:33+00:00","og_image":[{"width":600,"height":600,"url":"https:\/\/atlastoilets.com\/wp-content\/uploads\/2022\/03\/5015513-camlock.jpg","type":"image\/jpeg"}],"twitter_card":"summary_large_image","schema":{"@context":"https:\/\/schema.org","@graph":[{"@type":["WebPage","ItemPage"],"@id":"https:\/\/atlastoilets.com\/de\/produkt\/blind-camlock-kupplung\/","url":"https:\/\/atlastoilets.com\/de\/produkt\/blind-camlock-kupplung\/","name":"Blind-Camlock-Kupplung f\u00fcr Hochvakuumschl\u00e4uche","isPartOf":{"@id":"https:\/\/atlastoilets.com\/#website"},"primaryImageOfPage":{"@id":"https:\/\/atlastoilets.com\/de\/produkt\/blind-camlock-kupplung\/#primaryimage"},"image":{"@id":"https:\/\/atlastoilets.com\/de\/produkt\/blind-camlock-kupplung\/#primaryimage"},"thumbnailUrl":"https:\/\/atlastoilets.com\/wp-content\/uploads\/2022\/03\/5015513-camlock.jpg","datePublished":"2022-03-07T13:41:54+00:00","dateModified":"2022-05-20T14:10:33+00:00","description":"Blind-Camlock-Kupplung f\u00fcr Hochvakuumschl\u00e4uche, verwendet auf Servicetrucks von Toilettenvermietern zum Entleeren des F\u00e4kalientanks","breadcrumb":{"@id":"https:\/\/atlastoilets.com\/de\/produkt\/blind-camlock-kupplung\/#breadcrumb"},"inLanguage":"de","potentialAction":[{"@type":"ReadAction","target":["https:\/\/atlastoilets.com\/de\/produkt\/blind-camlock-kupplung\/"]}]},{"@type":"ImageObject","inLanguage":"de","@id":"https:\/\/atlastoilets.com\/de\/produkt\/blind-camlock-kupplung\/#primaryimage","url":"https:\/\/atlastoilets.com\/wp-content\/uploads\/2022\/03\/5015513-camlock.jpg","contentUrl":"https:\/\/atlastoilets.com\/wp-content\/uploads\/2022\/03\/5015513-camlock.jpg","width":600,"height":600,"caption":"Blind-Camlock-Kupplung"},{"@type":"BreadcrumbList","@id":"https:\/\/atlastoilets.com\/de\/produkt\/blind-camlock-kupplung\/#breadcrumb","itemListElement":[{"@type":"ListItem","position":1,"name":"Home","item":"https:\/\/atlastoilets.com\/de\/"},{"@type":"ListItem","position":2,"name":"Shop","item":"https:\/\/atlastoilets.com\/de\/shop-2\/"},{"@type":"ListItem","position":3,"name":"Blind-Camlock-Kupplung"}]},{"@type":"WebSite","@id":"https:\/\/atlastoilets.com\/#website","url":"https:\/\/atlastoilets.com\/","name":"Atlas Sanitation Products","description":"Total supplier for toilet rental companies","potentialAction":[{"@type":"SearchAction","target":{"@type":"EntryPoint","urlTemplate":"https:\/\/atlastoilets.com\/?s={search_term_string}"},"query-input":{"@type":"PropertyValueSpecification","valueRequired":true,"valueName":"search_term_string"}}],"inLanguage":"de"}]}},"_links":{"self":[{"href":"https:\/\/atlastoilets.com\/de\/wp-json\/wp\/v2\/product\/20420","targetHints":{"allow":["GET"]}}],"collection":[{"href":"https:\/\/atlastoilets.com\/de\/wp-json\/wp\/v2\/product"}],"about":[{"href":"https:\/\/atlastoilets.com\/de\/wp-json\/wp\/v2\/types\/product"}],"wp:featuredmedia":[{"embeddable":true,"href":"https:\/\/atlastoilets.com\/de\/wp-json\/wp\/v2\/media\/18952"}],"wp:attachment":[{"href":"https:\/\/atlastoilets.com\/de\/wp-json\/wp\/v2\/media?parent=20420"}],"wp:term":[{"taxonomy":"product_brand","embeddable":true,"href":"https:\/\/atlastoilets.com\/de\/wp-json\/wp\/v2\/product_brand?post=20420"},{"taxonomy":"product_cat","embeddable":true,"href":"https:\/\/atlastoilets.com\/de\/wp-json\/wp\/v2\/product_cat?post=20420"},{"taxonomy":"product_tag","embeddable":true,"href":"https:\/\/atlastoilets.com\/de\/wp-json\/wp\/v2\/product_tag?post=20420"}],"curies":[{"name":"wp","href":"https:\/\/api.w.org\/{rel}","templated":true}]}}