{"id":20417,"date":"2022-03-07T13:41:25","date_gmt":"2022-03-07T13:41:25","guid":{"rendered":"https:\/\/www.mobileurinal.eu\/product\/mobile-seifenspender-station-die-tulpe\/"},"modified":"2022-06-03T12:11:54","modified_gmt":"2022-06-03T12:11:54","slug":"mobile-seifenspender-station-die-tulpe","status":"publish","type":"product","link":"https:\/\/atlastoilets.com\/de\/produkt\/mobile-seifenspender-station-die-tulpe\/","title":{"rendered":"Mobile Seifenspender Station die Tulpe"},"content":{"rendered":"<p><span class=\"tlid-translation translation\" lang=\"de\"><span title=\"\">Mobile Seifenspender Station die Tulpe.<\/span><br \/>\n<span title=\"\">Gummir\u00e4der erm\u00f6glichen eine bequeme Platzierung an jedem erdenklichen Ort.<\/span><br \/>\n<span title=\"\">Der Ballasttank kann f\u00fcr eine hohe Stabilit\u00e4t bis zu 70 Liter (70 kg) gef\u00fcllt werden.<\/span><br \/>\n<span class=\"\" title=\"\">Die Station ist f\u00fcr eine Vielzahl von Spendern geeignet.<\/span><\/span><\/p>\n<p><span class=\"\" title=\"\">\u00b7 3 Farben ab Lager lieferbar<\/span><br \/>\n<span title=\"\">\u00b7 70 Liter Ballasttank<\/span><br \/>\n<span title=\"\">\u00b7 Gummir\u00e4der<\/span><br \/>\n<span class=\"\" title=\"\">\u00b7 Vorbereitet f\u00fcr Schilderhalter<\/span><\/p>\n<p><span class=\"\" title=\"\">H\u00f6he: 1485 mm<br \/>\nBreite Tank: 586 mm<br \/>\nDas Standardprodukt ist ohne Seifenspender.<br \/>\n<img loading=\"lazy\" decoding=\"async\" class=\"alignleft size-full wp-image-27869\" src=\"https:\/\/atlastoilets.com\/wp-content\/uploads\/2022\/03\/Thispencer-productsheet-2020.jpg\" alt=\"dispenser productsheet\" width=\"600\" height=\"424\" srcset=\"https:\/\/atlastoilets.com\/wp-content\/uploads\/2022\/03\/Thispencer-productsheet-2020.jpg 600w, https:\/\/atlastoilets.com\/wp-content\/uploads\/2022\/03\/Thispencer-productsheet-2020-300x212.jpg 300w, https:\/\/atlastoilets.com\/wp-content\/uploads\/2022\/03\/Thispencer-productsheet-2020-380x269.jpg 380w, https:\/\/atlastoilets.com\/wp-content\/uploads\/2022\/03\/Thispencer-productsheet-2020-550x389.jpg 550w\" sizes=\"auto, (max-width: 600px) 100vw, 600px\" \/><br \/>\n<\/span><\/p>\n","protected":false},"excerpt":{"rendered":"<p><span class=\"tlid-translation translation\" lang=\"de\"><span title=\"\">Mobile Seifenspender Station die Tulpe.<\/span><br \/>\n<\/span><\/p>\n","protected":false},"featured_media":18888,"template":"","meta":[],"product_brand":[],"product_cat":[887,837],"product_tag":[],"class_list":{"0":"post-20417","1":"product","2":"type-product","3":"status-publish","4":"has-post-thumbnail","6":"product_cat-freistehende-handwaschbecken","7":"product_cat-hygieneprodukte","9":"first","10":"instock","11":"taxable","12":"shipping-taxable","13":"purchasable","14":"product-type-simple"},"yoast_head":"<!-- This site is optimized with the Yoast SEO plugin v27.4 - https:\/\/yoast.com\/product\/yoast-seo-wordpress\/ -->\n<title>Mobile Seifenspender Station die Tulpe.<\/title>\n<meta name=\"description\" content=\"Mobile Seifenspender Station die Tulpe. Gummir\u00e4der erm\u00f6glichen eine bequeme Platzierung an jedem erdenklichen Ort.\" \/>\n<meta name=\"robots\" content=\"index, follow, max-snippet:-1, max-image-preview:large, max-video-preview:-1\" \/>\n<link rel=\"canonical\" href=\"https:\/\/atlastoilets.com\/de\/produkt\/mobile-seifenspender-station-die-tulpe\/\" \/>\n<meta property=\"og:locale\" content=\"de_DE\" \/>\n<meta property=\"og:type\" content=\"article\" \/>\n<meta property=\"og:title\" content=\"Mobile Seifenspender Station die Tulpe.\" \/>\n<meta property=\"og:description\" content=\"Mobile Seifenspender Station die Tulpe. Gummir\u00e4der erm\u00f6glichen eine bequeme Platzierung an jedem erdenklichen Ort.\" \/>\n<meta property=\"og:url\" content=\"https:\/\/atlastoilets.com\/de\/produkt\/mobile-seifenspender-station-die-tulpe\/\" \/>\n<meta property=\"og:site_name\" content=\"Atlas Sanitation Products\" \/>\n<meta property=\"article:modified_time\" content=\"2022-06-03T12:11:54+00:00\" \/>\n<meta property=\"og:image\" content=\"https:\/\/atlastoilets.com\/wp-content\/uploads\/2022\/03\/dispenserstation-tulip.jpg\" \/>\n\t<meta property=\"og:image:width\" content=\"600\" \/>\n\t<meta property=\"og:image:height\" content=\"600\" \/>\n\t<meta property=\"og:image:type\" content=\"image\/jpeg\" \/>\n<meta name=\"twitter:card\" content=\"summary_large_image\" \/>\n<script type=\"application\/ld+json\" class=\"yoast-schema-graph\">{\"@context\":\"https:\\\/\\\/schema.org\",\"@graph\":[{\"@type\":[\"WebPage\",\"ItemPage\"],\"@id\":\"https:\\\/\\\/atlastoilets.com\\\/de\\\/produkt\\\/mobile-seifenspender-station-die-tulpe\\\/\",\"url\":\"https:\\\/\\\/atlastoilets.com\\\/de\\\/produkt\\\/mobile-seifenspender-station-die-tulpe\\\/\",\"name\":\"Mobile Seifenspender Station die Tulpe.\",\"isPartOf\":{\"@id\":\"https:\\\/\\\/atlastoilets.com\\\/#website\"},\"primaryImageOfPage\":{\"@id\":\"https:\\\/\\\/atlastoilets.com\\\/de\\\/produkt\\\/mobile-seifenspender-station-die-tulpe\\\/#primaryimage\"},\"image\":{\"@id\":\"https:\\\/\\\/atlastoilets.com\\\/de\\\/produkt\\\/mobile-seifenspender-station-die-tulpe\\\/#primaryimage\"},\"thumbnailUrl\":\"https:\\\/\\\/atlastoilets.com\\\/wp-content\\\/uploads\\\/2022\\\/03\\\/dispenserstation-tulip.jpg\",\"datePublished\":\"2022-03-07T13:41:25+00:00\",\"dateModified\":\"2022-06-03T12:11:54+00:00\",\"description\":\"Mobile Seifenspender Station die Tulpe. Gummir\u00e4der erm\u00f6glichen eine bequeme Platzierung an jedem erdenklichen Ort.\",\"breadcrumb\":{\"@id\":\"https:\\\/\\\/atlastoilets.com\\\/de\\\/produkt\\\/mobile-seifenspender-station-die-tulpe\\\/#breadcrumb\"},\"inLanguage\":\"de\",\"potentialAction\":[{\"@type\":\"ReadAction\",\"target\":[\"https:\\\/\\\/atlastoilets.com\\\/de\\\/produkt\\\/mobile-seifenspender-station-die-tulpe\\\/\"]}]},{\"@type\":\"ImageObject\",\"inLanguage\":\"de\",\"@id\":\"https:\\\/\\\/atlastoilets.com\\\/de\\\/produkt\\\/mobile-seifenspender-station-die-tulpe\\\/#primaryimage\",\"url\":\"https:\\\/\\\/atlastoilets.com\\\/wp-content\\\/uploads\\\/2022\\\/03\\\/dispenserstation-tulip.jpg\",\"contentUrl\":\"https:\\\/\\\/atlastoilets.com\\\/wp-content\\\/uploads\\\/2022\\\/03\\\/dispenserstation-tulip.jpg\",\"width\":600,\"height\":600,\"caption\":\"Mobile Seifenspender\"},{\"@type\":\"BreadcrumbList\",\"@id\":\"https:\\\/\\\/atlastoilets.com\\\/de\\\/produkt\\\/mobile-seifenspender-station-die-tulpe\\\/#breadcrumb\",\"itemListElement\":[{\"@type\":\"ListItem\",\"position\":1,\"name\":\"Home\",\"item\":\"https:\\\/\\\/atlastoilets.com\\\/de\\\/\"},{\"@type\":\"ListItem\",\"position\":2,\"name\":\"Shop\",\"item\":\"https:\\\/\\\/atlastoilets.com\\\/de\\\/shop-2\\\/\"},{\"@type\":\"ListItem\",\"position\":3,\"name\":\"Mobile Seifenspender Station die Tulpe\"}]},{\"@type\":\"WebSite\",\"@id\":\"https:\\\/\\\/atlastoilets.com\\\/#website\",\"url\":\"https:\\\/\\\/atlastoilets.com\\\/\",\"name\":\"Atlas Sanitation Products\",\"description\":\"Total supplier for toilet rental companies\",\"potentialAction\":[{\"@type\":\"SearchAction\",\"target\":{\"@type\":\"EntryPoint\",\"urlTemplate\":\"https:\\\/\\\/atlastoilets.com\\\/?s={search_term_string}\"},\"query-input\":{\"@type\":\"PropertyValueSpecification\",\"valueRequired\":true,\"valueName\":\"search_term_string\"}}],\"inLanguage\":\"de\"}]}<\/script>\n<!-- \/ Yoast SEO plugin. -->","yoast_head_json":{"title":"Mobile Seifenspender Station die Tulpe.","description":"Mobile Seifenspender Station die Tulpe. Gummir\u00e4der erm\u00f6glichen eine bequeme Platzierung an jedem erdenklichen Ort.","robots":{"index":"index","follow":"follow","max-snippet":"max-snippet:-1","max-image-preview":"max-image-preview:large","max-video-preview":"max-video-preview:-1"},"canonical":"https:\/\/atlastoilets.com\/de\/produkt\/mobile-seifenspender-station-die-tulpe\/","og_locale":"de_DE","og_type":"article","og_title":"Mobile Seifenspender Station die Tulpe.","og_description":"Mobile Seifenspender Station die Tulpe. Gummir\u00e4der erm\u00f6glichen eine bequeme Platzierung an jedem erdenklichen Ort.","og_url":"https:\/\/atlastoilets.com\/de\/produkt\/mobile-seifenspender-station-die-tulpe\/","og_site_name":"Atlas Sanitation Products","article_modified_time":"2022-06-03T12:11:54+00:00","og_image":[{"width":600,"height":600,"url":"https:\/\/atlastoilets.com\/wp-content\/uploads\/2022\/03\/dispenserstation-tulip.jpg","type":"image\/jpeg"}],"twitter_card":"summary_large_image","schema":{"@context":"https:\/\/schema.org","@graph":[{"@type":["WebPage","ItemPage"],"@id":"https:\/\/atlastoilets.com\/de\/produkt\/mobile-seifenspender-station-die-tulpe\/","url":"https:\/\/atlastoilets.com\/de\/produkt\/mobile-seifenspender-station-die-tulpe\/","name":"Mobile Seifenspender Station die Tulpe.","isPartOf":{"@id":"https:\/\/atlastoilets.com\/#website"},"primaryImageOfPage":{"@id":"https:\/\/atlastoilets.com\/de\/produkt\/mobile-seifenspender-station-die-tulpe\/#primaryimage"},"image":{"@id":"https:\/\/atlastoilets.com\/de\/produkt\/mobile-seifenspender-station-die-tulpe\/#primaryimage"},"thumbnailUrl":"https:\/\/atlastoilets.com\/wp-content\/uploads\/2022\/03\/dispenserstation-tulip.jpg","datePublished":"2022-03-07T13:41:25+00:00","dateModified":"2022-06-03T12:11:54+00:00","description":"Mobile Seifenspender Station die Tulpe. Gummir\u00e4der erm\u00f6glichen eine bequeme Platzierung an jedem erdenklichen Ort.","breadcrumb":{"@id":"https:\/\/atlastoilets.com\/de\/produkt\/mobile-seifenspender-station-die-tulpe\/#breadcrumb"},"inLanguage":"de","potentialAction":[{"@type":"ReadAction","target":["https:\/\/atlastoilets.com\/de\/produkt\/mobile-seifenspender-station-die-tulpe\/"]}]},{"@type":"ImageObject","inLanguage":"de","@id":"https:\/\/atlastoilets.com\/de\/produkt\/mobile-seifenspender-station-die-tulpe\/#primaryimage","url":"https:\/\/atlastoilets.com\/wp-content\/uploads\/2022\/03\/dispenserstation-tulip.jpg","contentUrl":"https:\/\/atlastoilets.com\/wp-content\/uploads\/2022\/03\/dispenserstation-tulip.jpg","width":600,"height":600,"caption":"Mobile Seifenspender"},{"@type":"BreadcrumbList","@id":"https:\/\/atlastoilets.com\/de\/produkt\/mobile-seifenspender-station-die-tulpe\/#breadcrumb","itemListElement":[{"@type":"ListItem","position":1,"name":"Home","item":"https:\/\/atlastoilets.com\/de\/"},{"@type":"ListItem","position":2,"name":"Shop","item":"https:\/\/atlastoilets.com\/de\/shop-2\/"},{"@type":"ListItem","position":3,"name":"Mobile Seifenspender Station die Tulpe"}]},{"@type":"WebSite","@id":"https:\/\/atlastoilets.com\/#website","url":"https:\/\/atlastoilets.com\/","name":"Atlas Sanitation Products","description":"Total supplier for toilet rental companies","potentialAction":[{"@type":"SearchAction","target":{"@type":"EntryPoint","urlTemplate":"https:\/\/atlastoilets.com\/?s={search_term_string}"},"query-input":{"@type":"PropertyValueSpecification","valueRequired":true,"valueName":"search_term_string"}}],"inLanguage":"de"}]}},"_links":{"self":[{"href":"https:\/\/atlastoilets.com\/de\/wp-json\/wp\/v2\/product\/20417","targetHints":{"allow":["GET"]}}],"collection":[{"href":"https:\/\/atlastoilets.com\/de\/wp-json\/wp\/v2\/product"}],"about":[{"href":"https:\/\/atlastoilets.com\/de\/wp-json\/wp\/v2\/types\/product"}],"wp:featuredmedia":[{"embeddable":true,"href":"https:\/\/atlastoilets.com\/de\/wp-json\/wp\/v2\/media\/18888"}],"wp:attachment":[{"href":"https:\/\/atlastoilets.com\/de\/wp-json\/wp\/v2\/media?parent=20417"}],"wp:term":[{"taxonomy":"product_brand","embeddable":true,"href":"https:\/\/atlastoilets.com\/de\/wp-json\/wp\/v2\/product_brand?post=20417"},{"taxonomy":"product_cat","embeddable":true,"href":"https:\/\/atlastoilets.com\/de\/wp-json\/wp\/v2\/product_cat?post=20417"},{"taxonomy":"product_tag","embeddable":true,"href":"https:\/\/atlastoilets.com\/de\/wp-json\/wp\/v2\/product_tag?post=20417"}],"curies":[{"name":"wp","href":"https:\/\/api.w.org\/{rel}","templated":true}]}}