{"id":20414,"date":"2022-03-07T13:41:25","date_gmt":"2022-03-07T13:41:25","guid":{"rendered":"https:\/\/www.mobileurinal.eu\/product\/abfallbehaelter-fuer-wc-anhaenger\/"},"modified":"2022-11-21T14:45:20","modified_gmt":"2022-11-21T14:45:20","slug":"faekalientank-fuer-bauwagen","status":"publish","type":"product","link":"https:\/\/atlastoilets.com\/de\/produkt\/faekalientank-fuer-bauwagen\/","title":{"rendered":"F\u00e4kalientank f\u00fcr Bauwagen"},"content":{"rendered":"<p>F\u00e4kalientank f\u00fcr Bauwagen mit einem Fassungsverm\u00f6gen von 150 Litern.<br \/>\nDer Toilettensitz ist f\u00fcr eine effiziente Raumnutzung abgewinkelt.<br \/>\nRezirkulazions-Sp\u00fclung und Schraubverschluss sind optional.<\/p>\n<p>Tiefe Links: 718 mm<br \/>\nTiefe rechts: 215 mm<br \/>\nBreite: 734 mm<br \/>\nH\u00f6he: 587 mm<\/p>\n","protected":false},"excerpt":{"rendered":"<p>F\u00e4kalientank f\u00fcr Bauwagen mit einem Fassungsverm\u00f6gen von 150 Litern. Der Toilettensitz ist f\u00fcr eine effiziente Raumnutzung abgewinkelt. Rezirkulazions-Sp\u00fclung und Schraubverschluss sind optional. Tiefe Links: 718 mm Tiefe rechts: 215 mm Breite: 734 mm H\u00f6he: 587 mm<\/p>\n","protected":false},"featured_media":18820,"template":"","meta":[],"product_brand":[],"product_cat":[911,2116],"product_tag":[],"class_list":{"0":"post-20414","1":"product","2":"type-product","3":"status-publish","4":"has-post-thumbnail","6":"product_cat-ersatzteile-fuer-bauwagen","7":"product_cat-toilettentanks","9":"first","10":"instock","11":"taxable","12":"shipping-taxable","13":"purchasable","14":"product-type-simple"},"yoast_head":"<!-- This site is optimized with the Yoast SEO plugin v27.5 - https:\/\/yoast.com\/product\/yoast-seo-wordpress\/ -->\n<title>F\u00e4kalientank f\u00fcr Bauwagen<\/title>\n<meta name=\"description\" content=\"F\u00e4kalientank f\u00fcr Bauwagen mit einem Fassungsverm\u00f6gen von 150 Litern. Der Toilettensitz ist f\u00fcr eine effiziente Raumnutzung abgewinkelt.\" \/>\n<meta name=\"robots\" content=\"index, follow, max-snippet:-1, max-image-preview:large, max-video-preview:-1\" \/>\n<link rel=\"canonical\" href=\"https:\/\/atlastoilets.com\/de\/produkt\/faekalientank-fuer-bauwagen\/\" \/>\n<meta property=\"og:locale\" content=\"de_DE\" \/>\n<meta property=\"og:type\" content=\"article\" \/>\n<meta property=\"og:title\" content=\"F\u00e4kalientank f\u00fcr Bauwagen\" \/>\n<meta property=\"og:description\" content=\"F\u00e4kalientank f\u00fcr Bauwagen mit einem Fassungsverm\u00f6gen von 150 Litern. Der Toilettensitz ist f\u00fcr eine effiziente Raumnutzung abgewinkelt.\" \/>\n<meta property=\"og:url\" content=\"https:\/\/atlastoilets.com\/de\/produkt\/faekalientank-fuer-bauwagen\/\" \/>\n<meta property=\"og:site_name\" content=\"Atlas Sanitation Products\" \/>\n<meta property=\"article:modified_time\" content=\"2022-11-21T14:45:20+00:00\" \/>\n<meta property=\"og:image\" content=\"https:\/\/atlastoilets.com\/wp-content\/uploads\/2022\/03\/hoektank1.jpg\" \/>\n\t<meta property=\"og:image:width\" content=\"600\" \/>\n\t<meta property=\"og:image:height\" content=\"600\" \/>\n\t<meta property=\"og:image:type\" content=\"image\/jpeg\" \/>\n<meta name=\"twitter:card\" content=\"summary_large_image\" \/>\n<script type=\"application\/ld+json\" class=\"yoast-schema-graph\">{\"@context\":\"https:\\\/\\\/schema.org\",\"@graph\":[{\"@type\":[\"WebPage\",\"ItemPage\"],\"@id\":\"https:\\\/\\\/atlastoilets.com\\\/de\\\/produkt\\\/faekalientank-fuer-bauwagen\\\/\",\"url\":\"https:\\\/\\\/atlastoilets.com\\\/de\\\/produkt\\\/faekalientank-fuer-bauwagen\\\/\",\"name\":\"F\u00e4kalientank f\u00fcr Bauwagen\",\"isPartOf\":{\"@id\":\"https:\\\/\\\/atlastoilets.com\\\/#website\"},\"primaryImageOfPage\":{\"@id\":\"https:\\\/\\\/atlastoilets.com\\\/de\\\/produkt\\\/faekalientank-fuer-bauwagen\\\/#primaryimage\"},\"image\":{\"@id\":\"https:\\\/\\\/atlastoilets.com\\\/de\\\/produkt\\\/faekalientank-fuer-bauwagen\\\/#primaryimage\"},\"thumbnailUrl\":\"https:\\\/\\\/atlastoilets.com\\\/wp-content\\\/uploads\\\/2022\\\/03\\\/hoektank1.jpg\",\"datePublished\":\"2022-03-07T13:41:25+00:00\",\"dateModified\":\"2022-11-21T14:45:20+00:00\",\"description\":\"F\u00e4kalientank f\u00fcr Bauwagen mit einem Fassungsverm\u00f6gen von 150 Litern. Der Toilettensitz ist f\u00fcr eine effiziente Raumnutzung abgewinkelt.\",\"breadcrumb\":{\"@id\":\"https:\\\/\\\/atlastoilets.com\\\/de\\\/produkt\\\/faekalientank-fuer-bauwagen\\\/#breadcrumb\"},\"inLanguage\":\"de\",\"potentialAction\":[{\"@type\":\"ReadAction\",\"target\":[\"https:\\\/\\\/atlastoilets.com\\\/de\\\/produkt\\\/faekalientank-fuer-bauwagen\\\/\"]}]},{\"@type\":\"ImageObject\",\"inLanguage\":\"de\",\"@id\":\"https:\\\/\\\/atlastoilets.com\\\/de\\\/produkt\\\/faekalientank-fuer-bauwagen\\\/#primaryimage\",\"url\":\"https:\\\/\\\/atlastoilets.com\\\/wp-content\\\/uploads\\\/2022\\\/03\\\/hoektank1.jpg\",\"contentUrl\":\"https:\\\/\\\/atlastoilets.com\\\/wp-content\\\/uploads\\\/2022\\\/03\\\/hoektank1.jpg\",\"width\":600,\"height\":600,\"caption\":\"F\u00e4kalientank f\u00fcr Bauwagen\"},{\"@type\":\"BreadcrumbList\",\"@id\":\"https:\\\/\\\/atlastoilets.com\\\/de\\\/produkt\\\/faekalientank-fuer-bauwagen\\\/#breadcrumb\",\"itemListElement\":[{\"@type\":\"ListItem\",\"position\":1,\"name\":\"Home\",\"item\":\"https:\\\/\\\/atlastoilets.com\\\/de\\\/\"},{\"@type\":\"ListItem\",\"position\":2,\"name\":\"Shop\",\"item\":\"https:\\\/\\\/atlastoilets.com\\\/de\\\/shop-2\\\/\"},{\"@type\":\"ListItem\",\"position\":3,\"name\":\"F\u00e4kalientank f\u00fcr Bauwagen\"}]},{\"@type\":\"WebSite\",\"@id\":\"https:\\\/\\\/atlastoilets.com\\\/#website\",\"url\":\"https:\\\/\\\/atlastoilets.com\\\/\",\"name\":\"Atlas Sanitation Products\",\"description\":\"Total supplier for toilet rental companies\",\"potentialAction\":[{\"@type\":\"SearchAction\",\"target\":{\"@type\":\"EntryPoint\",\"urlTemplate\":\"https:\\\/\\\/atlastoilets.com\\\/?s={search_term_string}\"},\"query-input\":{\"@type\":\"PropertyValueSpecification\",\"valueRequired\":true,\"valueName\":\"search_term_string\"}}],\"inLanguage\":\"de\"}]}<\/script>\n<!-- \/ Yoast SEO plugin. -->","yoast_head_json":{"title":"F\u00e4kalientank f\u00fcr Bauwagen","description":"F\u00e4kalientank f\u00fcr Bauwagen mit einem Fassungsverm\u00f6gen von 150 Litern. Der Toilettensitz ist f\u00fcr eine effiziente Raumnutzung abgewinkelt.","robots":{"index":"index","follow":"follow","max-snippet":"max-snippet:-1","max-image-preview":"max-image-preview:large","max-video-preview":"max-video-preview:-1"},"canonical":"https:\/\/atlastoilets.com\/de\/produkt\/faekalientank-fuer-bauwagen\/","og_locale":"de_DE","og_type":"article","og_title":"F\u00e4kalientank f\u00fcr Bauwagen","og_description":"F\u00e4kalientank f\u00fcr Bauwagen mit einem Fassungsverm\u00f6gen von 150 Litern. Der Toilettensitz ist f\u00fcr eine effiziente Raumnutzung abgewinkelt.","og_url":"https:\/\/atlastoilets.com\/de\/produkt\/faekalientank-fuer-bauwagen\/","og_site_name":"Atlas Sanitation Products","article_modified_time":"2022-11-21T14:45:20+00:00","og_image":[{"width":600,"height":600,"url":"https:\/\/atlastoilets.com\/wp-content\/uploads\/2022\/03\/hoektank1.jpg","type":"image\/jpeg"}],"twitter_card":"summary_large_image","schema":{"@context":"https:\/\/schema.org","@graph":[{"@type":["WebPage","ItemPage"],"@id":"https:\/\/atlastoilets.com\/de\/produkt\/faekalientank-fuer-bauwagen\/","url":"https:\/\/atlastoilets.com\/de\/produkt\/faekalientank-fuer-bauwagen\/","name":"F\u00e4kalientank f\u00fcr Bauwagen","isPartOf":{"@id":"https:\/\/atlastoilets.com\/#website"},"primaryImageOfPage":{"@id":"https:\/\/atlastoilets.com\/de\/produkt\/faekalientank-fuer-bauwagen\/#primaryimage"},"image":{"@id":"https:\/\/atlastoilets.com\/de\/produkt\/faekalientank-fuer-bauwagen\/#primaryimage"},"thumbnailUrl":"https:\/\/atlastoilets.com\/wp-content\/uploads\/2022\/03\/hoektank1.jpg","datePublished":"2022-03-07T13:41:25+00:00","dateModified":"2022-11-21T14:45:20+00:00","description":"F\u00e4kalientank f\u00fcr Bauwagen mit einem Fassungsverm\u00f6gen von 150 Litern. Der Toilettensitz ist f\u00fcr eine effiziente Raumnutzung abgewinkelt.","breadcrumb":{"@id":"https:\/\/atlastoilets.com\/de\/produkt\/faekalientank-fuer-bauwagen\/#breadcrumb"},"inLanguage":"de","potentialAction":[{"@type":"ReadAction","target":["https:\/\/atlastoilets.com\/de\/produkt\/faekalientank-fuer-bauwagen\/"]}]},{"@type":"ImageObject","inLanguage":"de","@id":"https:\/\/atlastoilets.com\/de\/produkt\/faekalientank-fuer-bauwagen\/#primaryimage","url":"https:\/\/atlastoilets.com\/wp-content\/uploads\/2022\/03\/hoektank1.jpg","contentUrl":"https:\/\/atlastoilets.com\/wp-content\/uploads\/2022\/03\/hoektank1.jpg","width":600,"height":600,"caption":"F\u00e4kalientank f\u00fcr Bauwagen"},{"@type":"BreadcrumbList","@id":"https:\/\/atlastoilets.com\/de\/produkt\/faekalientank-fuer-bauwagen\/#breadcrumb","itemListElement":[{"@type":"ListItem","position":1,"name":"Home","item":"https:\/\/atlastoilets.com\/de\/"},{"@type":"ListItem","position":2,"name":"Shop","item":"https:\/\/atlastoilets.com\/de\/shop-2\/"},{"@type":"ListItem","position":3,"name":"F\u00e4kalientank f\u00fcr Bauwagen"}]},{"@type":"WebSite","@id":"https:\/\/atlastoilets.com\/#website","url":"https:\/\/atlastoilets.com\/","name":"Atlas Sanitation Products","description":"Total supplier for toilet rental companies","potentialAction":[{"@type":"SearchAction","target":{"@type":"EntryPoint","urlTemplate":"https:\/\/atlastoilets.com\/?s={search_term_string}"},"query-input":{"@type":"PropertyValueSpecification","valueRequired":true,"valueName":"search_term_string"}}],"inLanguage":"de"}]}},"_links":{"self":[{"href":"https:\/\/atlastoilets.com\/de\/wp-json\/wp\/v2\/product\/20414","targetHints":{"allow":["GET"]}}],"collection":[{"href":"https:\/\/atlastoilets.com\/de\/wp-json\/wp\/v2\/product"}],"about":[{"href":"https:\/\/atlastoilets.com\/de\/wp-json\/wp\/v2\/types\/product"}],"wp:featuredmedia":[{"embeddable":true,"href":"https:\/\/atlastoilets.com\/de\/wp-json\/wp\/v2\/media\/18820"}],"wp:attachment":[{"href":"https:\/\/atlastoilets.com\/de\/wp-json\/wp\/v2\/media?parent=20414"}],"wp:term":[{"taxonomy":"product_brand","embeddable":true,"href":"https:\/\/atlastoilets.com\/de\/wp-json\/wp\/v2\/product_brand?post=20414"},{"taxonomy":"product_cat","embeddable":true,"href":"https:\/\/atlastoilets.com\/de\/wp-json\/wp\/v2\/product_cat?post=20414"},{"taxonomy":"product_tag","embeddable":true,"href":"https:\/\/atlastoilets.com\/de\/wp-json\/wp\/v2\/product_tag?post=20414"}],"curies":[{"name":"wp","href":"https:\/\/api.w.org\/{rel}","templated":true}]}}