{"id":20413,"date":"2022-03-07T13:41:25","date_gmt":"2022-03-07T13:41:25","guid":{"rendered":"https:\/\/www.mobileurinal.eu\/product\/pee-flush\/"},"modified":"2022-08-12T08:27:03","modified_gmt":"2022-08-12T08:27:03","slug":"frischwasserspuel-urinal","status":"publish","type":"product","link":"https:\/\/atlastoilets.com\/de\/produkt\/frischwasserspuel-urinal\/","title":{"rendered":"Pee flush"},"content":{"rendered":"<p>Frischwassersp\u00fcl-Urinal f\u00fcr Einbau in Toiletten aller Marken.<br \/>\nEine Fu\u00dfpumpe erm\u00f6glicht das Aussp\u00fclen des 11,5-Liter-Vorratsbeh\u00e4lters, wonach das Wasser in den Abfallbeh\u00e4lter der Toilette abgelassen wird.<br \/>\nAufgrund seines schlanken Designs nimmt der Pee Flush nur eine sehr begrenzte Stellfl\u00e4che ein, ohne den Platz der Person, die die Toilette benutzt, einzuschr\u00e4nken.<\/p>\n<p>H\u00f6he x Breite x Tiefe: 1054 x 192 x 240 mm<br \/>\nFassungsverm\u00f6gen: 11,5 Liter<\/p>\n","protected":false},"excerpt":{"rendered":"<p><img loading=\"lazy\" decoding=\"async\" class=\"alignright size-full wp-image-30176\" src=\"https:\/\/atlastoilets.com\/wp-content\/uploads\/2022\/03\/Peeflush-logo-1.png\" alt=\"pee flush logo\" width=\"222\" height=\"131\" \/>Unser neu entwickeltes Frischwassersp\u00fcl-Urinal ist ein Einbau-Urinal f\u00fcr Toiletten aller Marken.<br \/>\nEine Fu\u00dfpumpe erm\u00f6glicht das Aussp\u00fclen des 11,5-Liter-Vorratsbeh\u00e4lters, wonach das Wasser in den Abfallbeh\u00e4lter der Toilette abgelassen wird.<\/p>\n","protected":false},"featured_media":18804,"template":"","meta":[],"product_brand":[],"product_cat":[845],"product_tag":[],"class_list":{"0":"post-20413","1":"product","2":"type-product","3":"status-publish","4":"has-post-thumbnail","6":"product_cat-1-personen-urinale","8":"first","9":"instock","10":"taxable","11":"shipping-taxable","12":"purchasable","13":"product-type-simple"},"yoast_head":"<!-- This site is optimized with the Yoast SEO plugin v27.5 - https:\/\/yoast.com\/product\/yoast-seo-wordpress\/ -->\n<title>Frischwassersp\u00fcl-Urinal f\u00fcr Einbau in Toiletten aller Marken<\/title>\n<meta name=\"description\" content=\"Frischwassersp\u00fcl-Urinal f\u00fcr Einbau in Toiletten aller Marken mit eine Fu\u00dfpumpe die das Aussp\u00fclen des 11,5-Liter-Vorratsbeh\u00e4lters erm\u00f6glicht.\" \/>\n<meta name=\"robots\" content=\"index, follow, max-snippet:-1, max-image-preview:large, max-video-preview:-1\" \/>\n<link rel=\"canonical\" href=\"https:\/\/atlastoilets.com\/de\/produkt\/frischwasserspuel-urinal\/\" \/>\n<meta property=\"og:locale\" content=\"de_DE\" \/>\n<meta property=\"og:type\" content=\"article\" \/>\n<meta property=\"og:title\" content=\"Frischwassersp\u00fcl-Urinal f\u00fcr Einbau in Toiletten aller Marken\" \/>\n<meta property=\"og:description\" content=\"Frischwassersp\u00fcl-Urinal f\u00fcr Einbau in Toiletten aller Marken mit eine Fu\u00dfpumpe die das Aussp\u00fclen des 11,5-Liter-Vorratsbeh\u00e4lters erm\u00f6glicht.\" \/>\n<meta property=\"og:url\" content=\"https:\/\/atlastoilets.com\/de\/produkt\/frischwasserspuel-urinal\/\" \/>\n<meta property=\"og:site_name\" content=\"Atlas Sanitation Products\" \/>\n<meta property=\"article:modified_time\" content=\"2022-08-12T08:27:03+00:00\" \/>\n<meta property=\"og:image\" content=\"https:\/\/atlastoilets.com\/wp-content\/uploads\/2022\/03\/pee-flush.jpg\" \/>\n\t<meta property=\"og:image:width\" content=\"1000\" \/>\n\t<meta property=\"og:image:height\" content=\"1000\" \/>\n\t<meta property=\"og:image:type\" content=\"image\/jpeg\" \/>\n<meta name=\"twitter:card\" content=\"summary_large_image\" \/>\n<meta name=\"twitter:label1\" content=\"Gesch\u00e4tzte Lesezeit\" \/>\n\t<meta name=\"twitter:data1\" content=\"1\u00a0Minute\" \/>\n<script type=\"application\/ld+json\" class=\"yoast-schema-graph\">{\"@context\":\"https:\\\/\\\/schema.org\",\"@graph\":[{\"@type\":[\"WebPage\",\"ItemPage\"],\"@id\":\"https:\\\/\\\/atlastoilets.com\\\/de\\\/produkt\\\/frischwasserspuel-urinal\\\/\",\"url\":\"https:\\\/\\\/atlastoilets.com\\\/de\\\/produkt\\\/frischwasserspuel-urinal\\\/\",\"name\":\"Frischwassersp\u00fcl-Urinal f\u00fcr Einbau in Toiletten aller Marken\",\"isPartOf\":{\"@id\":\"https:\\\/\\\/atlastoilets.com\\\/#website\"},\"primaryImageOfPage\":{\"@id\":\"https:\\\/\\\/atlastoilets.com\\\/de\\\/produkt\\\/frischwasserspuel-urinal\\\/#primaryimage\"},\"image\":{\"@id\":\"https:\\\/\\\/atlastoilets.com\\\/de\\\/produkt\\\/frischwasserspuel-urinal\\\/#primaryimage\"},\"thumbnailUrl\":\"https:\\\/\\\/atlastoilets.com\\\/wp-content\\\/uploads\\\/2022\\\/03\\\/pee-flush.jpg\",\"datePublished\":\"2022-03-07T13:41:25+00:00\",\"dateModified\":\"2022-08-12T08:27:03+00:00\",\"description\":\"Frischwassersp\u00fcl-Urinal f\u00fcr Einbau in Toiletten aller Marken mit eine Fu\u00dfpumpe die das Aussp\u00fclen des 11,5-Liter-Vorratsbeh\u00e4lters erm\u00f6glicht.\",\"breadcrumb\":{\"@id\":\"https:\\\/\\\/atlastoilets.com\\\/de\\\/produkt\\\/frischwasserspuel-urinal\\\/#breadcrumb\"},\"inLanguage\":\"de\",\"potentialAction\":[{\"@type\":\"ReadAction\",\"target\":[\"https:\\\/\\\/atlastoilets.com\\\/de\\\/produkt\\\/frischwasserspuel-urinal\\\/\"]}]},{\"@type\":\"ImageObject\",\"inLanguage\":\"de\",\"@id\":\"https:\\\/\\\/atlastoilets.com\\\/de\\\/produkt\\\/frischwasserspuel-urinal\\\/#primaryimage\",\"url\":\"https:\\\/\\\/atlastoilets.com\\\/wp-content\\\/uploads\\\/2022\\\/03\\\/pee-flush.jpg\",\"contentUrl\":\"https:\\\/\\\/atlastoilets.com\\\/wp-content\\\/uploads\\\/2022\\\/03\\\/pee-flush.jpg\",\"width\":1000,\"height\":1000,\"caption\":\"Frischwassersp\u00fcl-Urinal\"},{\"@type\":\"BreadcrumbList\",\"@id\":\"https:\\\/\\\/atlastoilets.com\\\/de\\\/produkt\\\/frischwasserspuel-urinal\\\/#breadcrumb\",\"itemListElement\":[{\"@type\":\"ListItem\",\"position\":1,\"name\":\"Home\",\"item\":\"https:\\\/\\\/atlastoilets.com\\\/de\\\/\"},{\"@type\":\"ListItem\",\"position\":2,\"name\":\"Shop\",\"item\":\"https:\\\/\\\/atlastoilets.com\\\/de\\\/shop-2\\\/\"},{\"@type\":\"ListItem\",\"position\":3,\"name\":\"Pee flush\"}]},{\"@type\":\"WebSite\",\"@id\":\"https:\\\/\\\/atlastoilets.com\\\/#website\",\"url\":\"https:\\\/\\\/atlastoilets.com\\\/\",\"name\":\"Atlas Sanitation Products\",\"description\":\"Total supplier for toilet rental companies\",\"potentialAction\":[{\"@type\":\"SearchAction\",\"target\":{\"@type\":\"EntryPoint\",\"urlTemplate\":\"https:\\\/\\\/atlastoilets.com\\\/?s={search_term_string}\"},\"query-input\":{\"@type\":\"PropertyValueSpecification\",\"valueRequired\":true,\"valueName\":\"search_term_string\"}}],\"inLanguage\":\"de\"}]}<\/script>\n<!-- \/ Yoast SEO plugin. -->","yoast_head_json":{"title":"Frischwassersp\u00fcl-Urinal f\u00fcr Einbau in Toiletten aller Marken","description":"Frischwassersp\u00fcl-Urinal f\u00fcr Einbau in Toiletten aller Marken mit eine Fu\u00dfpumpe die das Aussp\u00fclen des 11,5-Liter-Vorratsbeh\u00e4lters erm\u00f6glicht.","robots":{"index":"index","follow":"follow","max-snippet":"max-snippet:-1","max-image-preview":"max-image-preview:large","max-video-preview":"max-video-preview:-1"},"canonical":"https:\/\/atlastoilets.com\/de\/produkt\/frischwasserspuel-urinal\/","og_locale":"de_DE","og_type":"article","og_title":"Frischwassersp\u00fcl-Urinal f\u00fcr Einbau in Toiletten aller Marken","og_description":"Frischwassersp\u00fcl-Urinal f\u00fcr Einbau in Toiletten aller Marken mit eine Fu\u00dfpumpe die das Aussp\u00fclen des 11,5-Liter-Vorratsbeh\u00e4lters erm\u00f6glicht.","og_url":"https:\/\/atlastoilets.com\/de\/produkt\/frischwasserspuel-urinal\/","og_site_name":"Atlas Sanitation Products","article_modified_time":"2022-08-12T08:27:03+00:00","og_image":[{"width":1000,"height":1000,"url":"https:\/\/atlastoilets.com\/wp-content\/uploads\/2022\/03\/pee-flush.jpg","type":"image\/jpeg"}],"twitter_card":"summary_large_image","twitter_misc":{"Gesch\u00e4tzte Lesezeit":"1\u00a0Minute"},"schema":{"@context":"https:\/\/schema.org","@graph":[{"@type":["WebPage","ItemPage"],"@id":"https:\/\/atlastoilets.com\/de\/produkt\/frischwasserspuel-urinal\/","url":"https:\/\/atlastoilets.com\/de\/produkt\/frischwasserspuel-urinal\/","name":"Frischwassersp\u00fcl-Urinal f\u00fcr Einbau in Toiletten aller Marken","isPartOf":{"@id":"https:\/\/atlastoilets.com\/#website"},"primaryImageOfPage":{"@id":"https:\/\/atlastoilets.com\/de\/produkt\/frischwasserspuel-urinal\/#primaryimage"},"image":{"@id":"https:\/\/atlastoilets.com\/de\/produkt\/frischwasserspuel-urinal\/#primaryimage"},"thumbnailUrl":"https:\/\/atlastoilets.com\/wp-content\/uploads\/2022\/03\/pee-flush.jpg","datePublished":"2022-03-07T13:41:25+00:00","dateModified":"2022-08-12T08:27:03+00:00","description":"Frischwassersp\u00fcl-Urinal f\u00fcr Einbau in Toiletten aller Marken mit eine Fu\u00dfpumpe die das Aussp\u00fclen des 11,5-Liter-Vorratsbeh\u00e4lters erm\u00f6glicht.","breadcrumb":{"@id":"https:\/\/atlastoilets.com\/de\/produkt\/frischwasserspuel-urinal\/#breadcrumb"},"inLanguage":"de","potentialAction":[{"@type":"ReadAction","target":["https:\/\/atlastoilets.com\/de\/produkt\/frischwasserspuel-urinal\/"]}]},{"@type":"ImageObject","inLanguage":"de","@id":"https:\/\/atlastoilets.com\/de\/produkt\/frischwasserspuel-urinal\/#primaryimage","url":"https:\/\/atlastoilets.com\/wp-content\/uploads\/2022\/03\/pee-flush.jpg","contentUrl":"https:\/\/atlastoilets.com\/wp-content\/uploads\/2022\/03\/pee-flush.jpg","width":1000,"height":1000,"caption":"Frischwassersp\u00fcl-Urinal"},{"@type":"BreadcrumbList","@id":"https:\/\/atlastoilets.com\/de\/produkt\/frischwasserspuel-urinal\/#breadcrumb","itemListElement":[{"@type":"ListItem","position":1,"name":"Home","item":"https:\/\/atlastoilets.com\/de\/"},{"@type":"ListItem","position":2,"name":"Shop","item":"https:\/\/atlastoilets.com\/de\/shop-2\/"},{"@type":"ListItem","position":3,"name":"Pee flush"}]},{"@type":"WebSite","@id":"https:\/\/atlastoilets.com\/#website","url":"https:\/\/atlastoilets.com\/","name":"Atlas Sanitation Products","description":"Total supplier for toilet rental companies","potentialAction":[{"@type":"SearchAction","target":{"@type":"EntryPoint","urlTemplate":"https:\/\/atlastoilets.com\/?s={search_term_string}"},"query-input":{"@type":"PropertyValueSpecification","valueRequired":true,"valueName":"search_term_string"}}],"inLanguage":"de"}]}},"_links":{"self":[{"href":"https:\/\/atlastoilets.com\/de\/wp-json\/wp\/v2\/product\/20413","targetHints":{"allow":["GET"]}}],"collection":[{"href":"https:\/\/atlastoilets.com\/de\/wp-json\/wp\/v2\/product"}],"about":[{"href":"https:\/\/atlastoilets.com\/de\/wp-json\/wp\/v2\/types\/product"}],"wp:featuredmedia":[{"embeddable":true,"href":"https:\/\/atlastoilets.com\/de\/wp-json\/wp\/v2\/media\/18804"}],"wp:attachment":[{"href":"https:\/\/atlastoilets.com\/de\/wp-json\/wp\/v2\/media?parent=20413"}],"wp:term":[{"taxonomy":"product_brand","embeddable":true,"href":"https:\/\/atlastoilets.com\/de\/wp-json\/wp\/v2\/product_brand?post=20413"},{"taxonomy":"product_cat","embeddable":true,"href":"https:\/\/atlastoilets.com\/de\/wp-json\/wp\/v2\/product_cat?post=20413"},{"taxonomy":"product_tag","embeddable":true,"href":"https:\/\/atlastoilets.com\/de\/wp-json\/wp\/v2\/product_tag?post=20413"}],"curies":[{"name":"wp","href":"https:\/\/api.w.org\/{rel}","templated":true}]}}