{"id":20400,"date":"2022-03-07T13:40:58","date_gmt":"2022-03-07T13:40:58","guid":{"rendered":"https:\/\/www.mobileurinal.eu\/product\/behindertentoilette-enhanced-access-unit-eau-von-polyportables\/"},"modified":"2023-12-11T11:22:12","modified_gmt":"2023-12-11T11:22:12","slug":"behindertentoilette-enhanced-access-unit-eau-von-polyportables","status":"publish","type":"product","link":"https:\/\/atlastoilets.com\/de\/produkt\/behindertentoilette-enhanced-access-unit-eau-von-polyportables\/","title":{"rendered":"Behindertentoilette Enhanced Access Unit (EAU) von PolyPortables"},"content":{"rendered":"<p><span class=\"\" lang=\"de\"><em><strong><span class=\"hps alt-edited\">Gut zug\u00e4nglich<\/span> <span class=\"hps\">durch<\/span> <span class=\"hps\">ebenerdige<\/span> <span class=\"hps\">Eingang<\/span><\/strong><\/em><br \/>\n<span class=\"hps\"><br \/>\nDie<\/span> <span class=\"hps\">Behindertentoilette<\/span> Enhanced <span class=\"hps\">Access Unit<\/span> <span class=\"hps\">(EAU<\/span>) von PolyPortables <span class=\"hps\">bietet bequemen Zugang<\/span> <span class=\"hps\">f\u00fcr<\/span> <span class=\"hps\">Personen mit eingeschr\u00e4nkter Mobilit\u00e4t<\/span><span class=\"\">, zB<\/span> <span class=\"hps\">Benutzer in<\/span> <span class=\"hps\">einem Rollstuhl.<\/span><br \/>\n<span class=\"hps\">Der Eintritt ist<\/span> <span class=\"hps\">praktisch<\/span> <span class=\"hps\">im Erdgeschoss,<\/span> <span class=\"hps\">den Eingang<\/span>, die es sehr <span class=\"hps\">zug\u00e4nglich macht.<\/span><br \/>\n<span class=\"hps\">Die Toilette ist<\/span> <span class=\"hps\">im Inneren<\/span> <span class=\"hps\">in der Umgebung<\/span> <span class=\"hps atn\">mit Aluminium-<\/span>Gel\u00e4nder.<\/span><\/p>\n<p><span class=\"hps\">Eigenschaften:<\/span><\/p>\n<p><span class=\"hps\">\u2022 Mehr als<\/span> <span class=\"hps\">einen Zentimeter<\/span> <span class=\"hps atn\">dicken Polyethylen-<\/span>Extrusionsboden<br \/>\n<span class=\"hps\">\u2022<\/span> <span class=\"hps\">Abwassertank<\/span> <span class=\"hps\">40 Liter<\/span><br \/>\n<span class=\"hps\">\u2022<\/span> <span class=\"hps\">WC-Sitz<\/span> <span class=\"hps\">und Deckel<\/span><br \/>\n<span class=\"hps\">\u2022<\/span> <span class=\"hps\">Papierrollenhalter<\/span> <span class=\"hps\">f\u00fcr zwei<\/span> <span class=\"hps\">Rollen Toilettenpapier<\/span><br \/>\n<span class=\"hps atn\">\u2022 Aluminium-<\/span>Gel\u00e4nder<br \/>\n<span class=\"hps\">\u2022 Pneumatische<\/span> <span class=\"hps\">T\u00fcrschlie\u00dfer<\/span>, <span class=\"hps\">f\u00fcr einen komfortablen<\/span>, <span class=\"hps\">konsistente und vorhersagbare<\/span> <span class=\"hps\">Eintrag<\/span><br \/>\n<span class=\"hps\">\u2022 Extra<\/span> <span class=\"hps\">UV-Schutz<\/span> <span class=\"hps\">sorgt daf\u00fcr, dass<\/span> <span class=\"hps\">die Toilette<\/span> <span class=\"hps\">lange<\/span> <span class=\"hps\">bleibt<\/span> <span class=\"hps\">wie neu<\/span><\/p>\n<p>&nbsp;<\/p>\n<p>Specifikationen:<\/p>\n<table border=\"1\" cellspacing=\"0\" cellpadding=\"0\">\n<tbody>\n<tr>\n<td valign=\"top\" width=\"284\">H\u00f6he<\/td>\n<td valign=\"top\" width=\"284\">220 cm<\/td>\n<\/tr>\n<tr>\n<td valign=\"top\" width=\"284\">Breite<\/td>\n<td valign=\"top\" width=\"284\">155 cm<\/td>\n<\/tr>\n<tr>\n<td valign=\"top\" width=\"284\">Tiefe<\/td>\n<td valign=\"top\" width=\"284\">155 cm<\/td>\n<\/tr>\n<tr>\n<td valign=\"top\" width=\"284\">Doorway<\/td>\n<td valign=\"top\" width=\"284\">90 x 187 cm<\/td>\n<\/tr>\n<tr>\n<td valign=\"top\" width=\"284\">Innneres<\/td>\n<td valign=\"top\" width=\"284\">150 x 150 cm<\/td>\n<\/tr>\n<tr>\n<td valign=\"top\" width=\"284\">Tank Kapazit\u00e4t<\/td>\n<td valign=\"top\" width=\"284\">151 liter<\/td>\n<\/tr>\n<tr>\n<td valign=\"top\" width=\"284\">Sitz h\u00f6he<\/td>\n<td valign=\"top\" width=\"284\">49,5 cm<\/td>\n<\/tr>\n<tr>\n<td valign=\"top\" width=\"284\">Gewicht<\/td>\n<td valign=\"top\" width=\"284\">127 kg<\/td>\n<\/tr>\n<tr>\n<td valign=\"top\" width=\"284\">Material<\/td>\n<td valign=\"top\" width=\"284\">HDPE<\/td>\n<\/tr>\n<\/tbody>\n<\/table>\n<p><span id=\"result_box\" class=\"\" lang=\"de\"><span class=\"hps\">\u00a0<\/span><\/span><\/p>\n","protected":false},"excerpt":{"rendered":"<p><span class=\"\" lang=\"de\"><em><strong><span class=\"hps alt-edited\">Gut zug\u00e4nglich<\/span> <span class=\"hps\">durch<\/span> <span class=\"hps\">ebenerdige<\/span> <span class=\"hps\">Eingang<\/span><\/strong><\/em><\/span><\/p>\n<p><span class=\"hps\">Die<\/span> <span class=\"hps\">Behindertentoilette<\/span> Enhanced <span class=\"hps\">Access Unit<\/span> <span class=\"hps\">(EAU<\/span>) von PolyPortables <span class=\"hps\">bietet bequemen Zugang<\/span> <span class=\"hps\">f\u00fcr<\/span> <span class=\"hps\">Personen mit eingeschr\u00e4nkter Mobilit\u00e4t<\/span><span class=\"\">, zB<\/span> <span class=\"hps\">Benutzer in<\/span> <span class=\"hps\">einem Rollstuhl.<\/span><br \/>\n<span class=\"hps\">Der Eintritt ist<\/span> <span class=\"hps\">praktisch<\/span> <span class=\"hps\">im Erdgeschoss,<\/span> <span class=\"hps\">den Eingang<\/span>, die es sehr <span class=\"hps\">zug\u00e4nglich macht.<\/span><br \/>\n<span class=\"hps\">Die Toilette ist<\/span> <span class=\"hps\">im Inneren<\/span> <span class=\"hps\">in der Umgebung<\/span> <span class=\"hps atn\">mit Aluminium-<\/span>Gel\u00e4nder.<\/p>\n","protected":false},"featured_media":18736,"template":"","meta":[],"product_brand":[],"product_cat":[883],"product_tag":[],"class_list":{"0":"post-20400","1":"product","2":"type-product","3":"status-publish","4":"has-post-thumbnail","6":"product_cat-behinderten-toilettenkabinen","8":"first","9":"instock","10":"taxable","11":"shipping-taxable","12":"purchasable","13":"product-type-simple"},"yoast_head":"<!-- This site is optimized with the Yoast SEO plugin v27.4 - https:\/\/yoast.com\/product\/yoast-seo-wordpress\/ -->\n<title>Behindertentoilette Enhanced Access Unit (EAU)<\/title>\n<meta name=\"robots\" content=\"index, follow, max-snippet:-1, max-image-preview:large, max-video-preview:-1\" \/>\n<link rel=\"canonical\" href=\"https:\/\/atlastoilets.com\/de\/produkt\/behindertentoilette-enhanced-access-unit-eau-von-polyportables\/\" \/>\n<meta property=\"og:locale\" content=\"de_DE\" \/>\n<meta property=\"og:type\" content=\"article\" \/>\n<meta property=\"og:title\" content=\"Behindertentoilette Enhanced Access Unit (EAU)\" \/>\n<meta property=\"og:description\" content=\"Gut zug\u00e4nglich durch ebenerdige Eingang  Die Behindertentoilette Enhanced Access Unit (EAU) von PolyPortables bietet bequemen Zugang f\u00fcr Personen mit eingeschr\u00e4nkter Mobilit\u00e4t, zB Benutzer in einem Rollstuhl. Der Eintritt ist praktisch im Erdgeschoss, den Eingang, die es sehr zug\u00e4nglich macht. Die Toilette ist im Inneren in der Umgebung mit Aluminium-Gel\u00e4nder.\" \/>\n<meta property=\"og:url\" content=\"https:\/\/atlastoilets.com\/de\/produkt\/behindertentoilette-enhanced-access-unit-eau-von-polyportables\/\" \/>\n<meta property=\"og:site_name\" content=\"Atlas Sanitation Products\" \/>\n<meta property=\"article:modified_time\" content=\"2023-12-11T11:22:12+00:00\" \/>\n<meta property=\"og:image\" content=\"https:\/\/atlastoilets.com\/wp-content\/uploads\/2022\/03\/PolyPortables-handicap-toilet.jpg\" \/>\n\t<meta property=\"og:image:width\" content=\"1000\" \/>\n\t<meta property=\"og:image:height\" content=\"1000\" \/>\n\t<meta property=\"og:image:type\" content=\"image\/jpeg\" \/>\n<meta name=\"twitter:card\" content=\"summary_large_image\" \/>\n<meta name=\"twitter:label1\" content=\"Gesch\u00e4tzte Lesezeit\" \/>\n\t<meta name=\"twitter:data1\" content=\"1\u00a0Minute\" \/>\n<script type=\"application\/ld+json\" class=\"yoast-schema-graph\">{\"@context\":\"https:\\\/\\\/schema.org\",\"@graph\":[{\"@type\":[\"WebPage\",\"ItemPage\"],\"@id\":\"https:\\\/\\\/atlastoilets.com\\\/de\\\/produkt\\\/behindertentoilette-enhanced-access-unit-eau-von-polyportables\\\/\",\"url\":\"https:\\\/\\\/atlastoilets.com\\\/de\\\/produkt\\\/behindertentoilette-enhanced-access-unit-eau-von-polyportables\\\/\",\"name\":\"Behindertentoilette Enhanced Access Unit (EAU)\",\"isPartOf\":{\"@id\":\"https:\\\/\\\/atlastoilets.com\\\/#website\"},\"primaryImageOfPage\":{\"@id\":\"https:\\\/\\\/atlastoilets.com\\\/de\\\/produkt\\\/behindertentoilette-enhanced-access-unit-eau-von-polyportables\\\/#primaryimage\"},\"image\":{\"@id\":\"https:\\\/\\\/atlastoilets.com\\\/de\\\/produkt\\\/behindertentoilette-enhanced-access-unit-eau-von-polyportables\\\/#primaryimage\"},\"thumbnailUrl\":\"https:\\\/\\\/atlastoilets.com\\\/wp-content\\\/uploads\\\/2022\\\/03\\\/PolyPortables-handicap-toilet.jpg\",\"datePublished\":\"2022-03-07T13:40:58+00:00\",\"dateModified\":\"2023-12-11T11:22:12+00:00\",\"breadcrumb\":{\"@id\":\"https:\\\/\\\/atlastoilets.com\\\/de\\\/produkt\\\/behindertentoilette-enhanced-access-unit-eau-von-polyportables\\\/#breadcrumb\"},\"inLanguage\":\"de\",\"potentialAction\":[{\"@type\":\"ReadAction\",\"target\":[\"https:\\\/\\\/atlastoilets.com\\\/de\\\/produkt\\\/behindertentoilette-enhanced-access-unit-eau-von-polyportables\\\/\"]}]},{\"@type\":\"ImageObject\",\"inLanguage\":\"de\",\"@id\":\"https:\\\/\\\/atlastoilets.com\\\/de\\\/produkt\\\/behindertentoilette-enhanced-access-unit-eau-von-polyportables\\\/#primaryimage\",\"url\":\"https:\\\/\\\/atlastoilets.com\\\/wp-content\\\/uploads\\\/2022\\\/03\\\/PolyPortables-handicap-toilet.jpg\",\"contentUrl\":\"https:\\\/\\\/atlastoilets.com\\\/wp-content\\\/uploads\\\/2022\\\/03\\\/PolyPortables-handicap-toilet.jpg\",\"width\":1000,\"height\":1000},{\"@type\":\"BreadcrumbList\",\"@id\":\"https:\\\/\\\/atlastoilets.com\\\/de\\\/produkt\\\/behindertentoilette-enhanced-access-unit-eau-von-polyportables\\\/#breadcrumb\",\"itemListElement\":[{\"@type\":\"ListItem\",\"position\":1,\"name\":\"Home\",\"item\":\"https:\\\/\\\/atlastoilets.com\\\/de\\\/\"},{\"@type\":\"ListItem\",\"position\":2,\"name\":\"Shop\",\"item\":\"https:\\\/\\\/atlastoilets.com\\\/de\\\/shop-2\\\/\"},{\"@type\":\"ListItem\",\"position\":3,\"name\":\"Behindertentoilette Enhanced Access Unit (EAU) von PolyPortables\"}]},{\"@type\":\"WebSite\",\"@id\":\"https:\\\/\\\/atlastoilets.com\\\/#website\",\"url\":\"https:\\\/\\\/atlastoilets.com\\\/\",\"name\":\"Atlas Sanitation Products\",\"description\":\"Total supplier for toilet rental companies\",\"potentialAction\":[{\"@type\":\"SearchAction\",\"target\":{\"@type\":\"EntryPoint\",\"urlTemplate\":\"https:\\\/\\\/atlastoilets.com\\\/?s={search_term_string}\"},\"query-input\":{\"@type\":\"PropertyValueSpecification\",\"valueRequired\":true,\"valueName\":\"search_term_string\"}}],\"inLanguage\":\"de\"}]}<\/script>\n<!-- \/ Yoast SEO plugin. -->","yoast_head_json":{"title":"Behindertentoilette Enhanced Access Unit (EAU)","robots":{"index":"index","follow":"follow","max-snippet":"max-snippet:-1","max-image-preview":"max-image-preview:large","max-video-preview":"max-video-preview:-1"},"canonical":"https:\/\/atlastoilets.com\/de\/produkt\/behindertentoilette-enhanced-access-unit-eau-von-polyportables\/","og_locale":"de_DE","og_type":"article","og_title":"Behindertentoilette Enhanced Access Unit (EAU)","og_description":"Gut zug\u00e4nglich durch ebenerdige Eingang  Die Behindertentoilette Enhanced Access Unit (EAU) von PolyPortables bietet bequemen Zugang f\u00fcr Personen mit eingeschr\u00e4nkter Mobilit\u00e4t, zB Benutzer in einem Rollstuhl. Der Eintritt ist praktisch im Erdgeschoss, den Eingang, die es sehr zug\u00e4nglich macht. Die Toilette ist im Inneren in der Umgebung mit Aluminium-Gel\u00e4nder.","og_url":"https:\/\/atlastoilets.com\/de\/produkt\/behindertentoilette-enhanced-access-unit-eau-von-polyportables\/","og_site_name":"Atlas Sanitation Products","article_modified_time":"2023-12-11T11:22:12+00:00","og_image":[{"width":1000,"height":1000,"url":"https:\/\/atlastoilets.com\/wp-content\/uploads\/2022\/03\/PolyPortables-handicap-toilet.jpg","type":"image\/jpeg"}],"twitter_card":"summary_large_image","twitter_misc":{"Gesch\u00e4tzte Lesezeit":"1\u00a0Minute"},"schema":{"@context":"https:\/\/schema.org","@graph":[{"@type":["WebPage","ItemPage"],"@id":"https:\/\/atlastoilets.com\/de\/produkt\/behindertentoilette-enhanced-access-unit-eau-von-polyportables\/","url":"https:\/\/atlastoilets.com\/de\/produkt\/behindertentoilette-enhanced-access-unit-eau-von-polyportables\/","name":"Behindertentoilette Enhanced Access Unit (EAU)","isPartOf":{"@id":"https:\/\/atlastoilets.com\/#website"},"primaryImageOfPage":{"@id":"https:\/\/atlastoilets.com\/de\/produkt\/behindertentoilette-enhanced-access-unit-eau-von-polyportables\/#primaryimage"},"image":{"@id":"https:\/\/atlastoilets.com\/de\/produkt\/behindertentoilette-enhanced-access-unit-eau-von-polyportables\/#primaryimage"},"thumbnailUrl":"https:\/\/atlastoilets.com\/wp-content\/uploads\/2022\/03\/PolyPortables-handicap-toilet.jpg","datePublished":"2022-03-07T13:40:58+00:00","dateModified":"2023-12-11T11:22:12+00:00","breadcrumb":{"@id":"https:\/\/atlastoilets.com\/de\/produkt\/behindertentoilette-enhanced-access-unit-eau-von-polyportables\/#breadcrumb"},"inLanguage":"de","potentialAction":[{"@type":"ReadAction","target":["https:\/\/atlastoilets.com\/de\/produkt\/behindertentoilette-enhanced-access-unit-eau-von-polyportables\/"]}]},{"@type":"ImageObject","inLanguage":"de","@id":"https:\/\/atlastoilets.com\/de\/produkt\/behindertentoilette-enhanced-access-unit-eau-von-polyportables\/#primaryimage","url":"https:\/\/atlastoilets.com\/wp-content\/uploads\/2022\/03\/PolyPortables-handicap-toilet.jpg","contentUrl":"https:\/\/atlastoilets.com\/wp-content\/uploads\/2022\/03\/PolyPortables-handicap-toilet.jpg","width":1000,"height":1000},{"@type":"BreadcrumbList","@id":"https:\/\/atlastoilets.com\/de\/produkt\/behindertentoilette-enhanced-access-unit-eau-von-polyportables\/#breadcrumb","itemListElement":[{"@type":"ListItem","position":1,"name":"Home","item":"https:\/\/atlastoilets.com\/de\/"},{"@type":"ListItem","position":2,"name":"Shop","item":"https:\/\/atlastoilets.com\/de\/shop-2\/"},{"@type":"ListItem","position":3,"name":"Behindertentoilette Enhanced Access Unit (EAU) von PolyPortables"}]},{"@type":"WebSite","@id":"https:\/\/atlastoilets.com\/#website","url":"https:\/\/atlastoilets.com\/","name":"Atlas Sanitation Products","description":"Total supplier for toilet rental companies","potentialAction":[{"@type":"SearchAction","target":{"@type":"EntryPoint","urlTemplate":"https:\/\/atlastoilets.com\/?s={search_term_string}"},"query-input":{"@type":"PropertyValueSpecification","valueRequired":true,"valueName":"search_term_string"}}],"inLanguage":"de"}]}},"_links":{"self":[{"href":"https:\/\/atlastoilets.com\/de\/wp-json\/wp\/v2\/product\/20400","targetHints":{"allow":["GET"]}}],"collection":[{"href":"https:\/\/atlastoilets.com\/de\/wp-json\/wp\/v2\/product"}],"about":[{"href":"https:\/\/atlastoilets.com\/de\/wp-json\/wp\/v2\/types\/product"}],"wp:featuredmedia":[{"embeddable":true,"href":"https:\/\/atlastoilets.com\/de\/wp-json\/wp\/v2\/media\/18736"}],"wp:attachment":[{"href":"https:\/\/atlastoilets.com\/de\/wp-json\/wp\/v2\/media?parent=20400"}],"wp:term":[{"taxonomy":"product_brand","embeddable":true,"href":"https:\/\/atlastoilets.com\/de\/wp-json\/wp\/v2\/product_brand?post=20400"},{"taxonomy":"product_cat","embeddable":true,"href":"https:\/\/atlastoilets.com\/de\/wp-json\/wp\/v2\/product_cat?post=20400"},{"taxonomy":"product_tag","embeddable":true,"href":"https:\/\/atlastoilets.com\/de\/wp-json\/wp\/v2\/product_tag?post=20400"}],"curies":[{"name":"wp","href":"https:\/\/api.w.org\/{rel}","templated":true}]}}