{"id":20396,"date":"2022-03-07T13:40:58","date_gmt":"2022-03-07T13:40:58","guid":{"rendered":"https:\/\/www.mobileurinal.eu\/product\/semi-permantes-mobiles-urinal-pluto4\/"},"modified":"2022-08-12T08:16:23","modified_gmt":"2022-08-12T08:16:23","slug":"4-personen-mobiler-urinalstand","status":"publish","type":"product","link":"https:\/\/atlastoilets.com\/de\/produkt\/4-personen-mobiler-urinalstand\/","title":{"rendered":"Semi-permantes mobiles Urinal Pluto4"},"content":{"rendered":"<p><strong>4-Personen mobiler Urinalstand f\u00fcr Stadtzentren und Veranstaltungen.<\/strong><\/p>\n<p>Die Erfahrungen und W\u00fcnsche unseren Kunden sind in dieser neuen, innovativen mobilen Urinalstand eingebaut, f\u00fcr den Einsatz in einer Vielzahl von Bedingungen und Standorten.<\/p>\n<p>Das Pluto3 Urinal ist am besten geeignet f\u00fcr den Einsatz auf Events auf grund seiner logistischen Vorteile (stapelbar bis zu 4 Einheiten). Die Pluto4 ist einer dauerhafter Urinalstand, ideal f\u00fcr l\u00e4ngere Platzierung, wie in den Innenst\u00e4dten, Campingpl\u00e4tze, Tankstellen, Rastpl\u00e4tze, Yachthafen u.s.w.<\/p>\n<p>Sein attractives Design macht der Pluto4 mobiler Urinalstand die ideale L\u00f6sung f\u00fcr die Verringerung der \u00f6ffenlichen Urinierenin nahezu allen Situationen. Das Urinal kann ins Abwasserkanal abgelassen werden oder gesaubert werden durch eine Toiletten-Vermieter. Das Grundflach ist identisch mot der h\u00e4ufigsten mobile Toiltten, um einen reibungslosen und unbeschwerten Integration in die bestehende Toilettenflotte der Vermieter zu Stande zu bringen.<\/p>\n<p>Spezifikationen:<\/p>\n<ul>\n<li>H\u00f6he: 1930 mm<\/li>\n<li>Breite: 1150 mm<\/li>\n<li>Tiefe: 1150 mm<\/li>\n<li>Gewicht: 75 kg<\/li>\n<li>Kapazit\u00e4t: 490 Liter<\/li>\n<li>Erhaltlich in: Grau<\/li>\n<\/ul>\n<p><img loading=\"lazy\" decoding=\"async\" class=\"alignright size-full wp-image-30121\" src=\"https:\/\/atlastoilets.com\/wp-content\/uploads\/2022\/03\/LOGO-PLUTO-4-mobile-urinal.png\" alt=\"pluto 4 logo\" width=\"227\" height=\"114\" \/>Die Vortiele des Pluto 4Urinals:<\/p>\n<ul>\n<li>Steckplatz f\u00fcr Gabelstapler und Hubwagen<\/li>\n<li>geschlossene Abwassertank f\u00fcr Transport mit Inhalt<\/li>\n<li>Leicht zu ns\u00e4ubern, au\u00dferhalb und innerhalb<\/li>\n<li>Verst\u00e4rkter Boden<\/li>\n<li>optimale Privatsph\u00e4re<\/li>\n<li>Entw\u00e4sserung auf 2 Zeiten<\/li>\n<li>Griffe f\u00fcr einfache Hantierung<\/li>\n<li>und vieles mehr&#8230;<\/li>\n<\/ul>\n","protected":false},"excerpt":{"rendered":"<p><img loading=\"lazy\" decoding=\"async\" class=\"alignright size-full wp-image-30121\" src=\"https:\/\/atlastoilets.com\/wp-content\/uploads\/2022\/03\/LOGO-PLUTO-4-mobile-urinal.png\" alt=\"pluto 4 logo\" width=\"227\" height=\"114\" \/>4-Personen mobiler Urinalstand f\u00fcr Stadtzentren und Veranstaltungen.<\/p>\n","protected":false},"featured_media":20591,"template":"","meta":[],"product_brand":[],"product_cat":[849,865],"product_tag":[],"class_list":{"0":"post-20396","1":"product","2":"type-product","3":"status-publish","4":"has-post-thumbnail","6":"product_cat-4-personen-urinale","7":"product_cat-mobile-urinale","9":"first","10":"on_request","11":"taxable","12":"shipping-taxable","13":"purchasable","14":"product-type-simple"},"yoast_head":"<!-- This site is optimized with the Yoast SEO plugin v27.4 - https:\/\/yoast.com\/product\/yoast-seo-wordpress\/ -->\n<title>4-Personen mobiler Urinalstand f\u00fcr Stadtzentren<\/title>\n<meta name=\"description\" content=\"4-Personen mobiler Urinalstand f\u00fcr Stadtzentren und Veranstaltungen. Ein dauerhafter Urinalstand, ideal f\u00fcr l\u00e4ngere Platzierung\" \/>\n<meta name=\"robots\" content=\"index, follow, max-snippet:-1, max-image-preview:large, max-video-preview:-1\" \/>\n<link rel=\"canonical\" href=\"https:\/\/atlastoilets.com\/de\/produkt\/4-personen-mobiler-urinalstand\/\" \/>\n<meta property=\"og:locale\" content=\"de_DE\" \/>\n<meta property=\"og:type\" content=\"article\" \/>\n<meta property=\"og:title\" content=\"4-Personen mobiler Urinalstand f\u00fcr Stadtzentren\" \/>\n<meta property=\"og:description\" content=\"4-Personen mobiler Urinalstand f\u00fcr Stadtzentren und Veranstaltungen. Ein dauerhafter Urinalstand, ideal f\u00fcr l\u00e4ngere Platzierung\" \/>\n<meta property=\"og:url\" content=\"https:\/\/atlastoilets.com\/de\/produkt\/4-personen-mobiler-urinalstand\/\" \/>\n<meta property=\"og:site_name\" content=\"Atlas Sanitation Products\" \/>\n<meta property=\"article:modified_time\" content=\"2022-08-12T08:16:23+00:00\" \/>\n<meta property=\"og:image\" content=\"https:\/\/atlastoilets.com\/wp-content\/uploads\/2022\/03\/semi-permanent-urinal-1.jpg\" \/>\n\t<meta property=\"og:image:width\" content=\"1000\" \/>\n\t<meta property=\"og:image:height\" content=\"1000\" \/>\n\t<meta property=\"og:image:type\" content=\"image\/jpeg\" \/>\n<meta name=\"twitter:card\" content=\"summary_large_image\" \/>\n<meta name=\"twitter:label1\" content=\"Gesch\u00e4tzte Lesezeit\" \/>\n\t<meta name=\"twitter:data1\" content=\"2\u00a0Minuten\" \/>\n<script type=\"application\/ld+json\" class=\"yoast-schema-graph\">{\"@context\":\"https:\\\/\\\/schema.org\",\"@graph\":[{\"@type\":[\"WebPage\",\"ItemPage\"],\"@id\":\"https:\\\/\\\/atlastoilets.com\\\/de\\\/produkt\\\/4-personen-mobiler-urinalstand\\\/\",\"url\":\"https:\\\/\\\/atlastoilets.com\\\/de\\\/produkt\\\/4-personen-mobiler-urinalstand\\\/\",\"name\":\"4-Personen mobiler Urinalstand f\u00fcr Stadtzentren\",\"isPartOf\":{\"@id\":\"https:\\\/\\\/atlastoilets.com\\\/#website\"},\"primaryImageOfPage\":{\"@id\":\"https:\\\/\\\/atlastoilets.com\\\/de\\\/produkt\\\/4-personen-mobiler-urinalstand\\\/#primaryimage\"},\"image\":{\"@id\":\"https:\\\/\\\/atlastoilets.com\\\/de\\\/produkt\\\/4-personen-mobiler-urinalstand\\\/#primaryimage\"},\"thumbnailUrl\":\"https:\\\/\\\/atlastoilets.com\\\/wp-content\\\/uploads\\\/2022\\\/03\\\/semi-permanent-urinal-1.jpg\",\"datePublished\":\"2022-03-07T13:40:58+00:00\",\"dateModified\":\"2022-08-12T08:16:23+00:00\",\"description\":\"4-Personen mobiler Urinalstand f\u00fcr Stadtzentren und Veranstaltungen. Ein dauerhafter Urinalstand, ideal f\u00fcr l\u00e4ngere Platzierung\",\"breadcrumb\":{\"@id\":\"https:\\\/\\\/atlastoilets.com\\\/de\\\/produkt\\\/4-personen-mobiler-urinalstand\\\/#breadcrumb\"},\"inLanguage\":\"de\",\"potentialAction\":[{\"@type\":\"ReadAction\",\"target\":[\"https:\\\/\\\/atlastoilets.com\\\/de\\\/produkt\\\/4-personen-mobiler-urinalstand\\\/\"]}]},{\"@type\":\"ImageObject\",\"inLanguage\":\"de\",\"@id\":\"https:\\\/\\\/atlastoilets.com\\\/de\\\/produkt\\\/4-personen-mobiler-urinalstand\\\/#primaryimage\",\"url\":\"https:\\\/\\\/atlastoilets.com\\\/wp-content\\\/uploads\\\/2022\\\/03\\\/semi-permanent-urinal-1.jpg\",\"contentUrl\":\"https:\\\/\\\/atlastoilets.com\\\/wp-content\\\/uploads\\\/2022\\\/03\\\/semi-permanent-urinal-1.jpg\",\"width\":1000,\"height\":1000,\"caption\":\"4-Personen mobiler Urinalstand\"},{\"@type\":\"BreadcrumbList\",\"@id\":\"https:\\\/\\\/atlastoilets.com\\\/de\\\/produkt\\\/4-personen-mobiler-urinalstand\\\/#breadcrumb\",\"itemListElement\":[{\"@type\":\"ListItem\",\"position\":1,\"name\":\"Home\",\"item\":\"https:\\\/\\\/atlastoilets.com\\\/de\\\/\"},{\"@type\":\"ListItem\",\"position\":2,\"name\":\"Shop\",\"item\":\"https:\\\/\\\/atlastoilets.com\\\/de\\\/shop-2\\\/\"},{\"@type\":\"ListItem\",\"position\":3,\"name\":\"Semi-permantes mobiles Urinal Pluto4\"}]},{\"@type\":\"WebSite\",\"@id\":\"https:\\\/\\\/atlastoilets.com\\\/#website\",\"url\":\"https:\\\/\\\/atlastoilets.com\\\/\",\"name\":\"Atlas Sanitation Products\",\"description\":\"Total supplier for toilet rental companies\",\"potentialAction\":[{\"@type\":\"SearchAction\",\"target\":{\"@type\":\"EntryPoint\",\"urlTemplate\":\"https:\\\/\\\/atlastoilets.com\\\/?s={search_term_string}\"},\"query-input\":{\"@type\":\"PropertyValueSpecification\",\"valueRequired\":true,\"valueName\":\"search_term_string\"}}],\"inLanguage\":\"de\"}]}<\/script>\n<!-- \/ Yoast SEO plugin. -->","yoast_head_json":{"title":"4-Personen mobiler Urinalstand f\u00fcr Stadtzentren","description":"4-Personen mobiler Urinalstand f\u00fcr Stadtzentren und Veranstaltungen. Ein dauerhafter Urinalstand, ideal f\u00fcr l\u00e4ngere Platzierung","robots":{"index":"index","follow":"follow","max-snippet":"max-snippet:-1","max-image-preview":"max-image-preview:large","max-video-preview":"max-video-preview:-1"},"canonical":"https:\/\/atlastoilets.com\/de\/produkt\/4-personen-mobiler-urinalstand\/","og_locale":"de_DE","og_type":"article","og_title":"4-Personen mobiler Urinalstand f\u00fcr Stadtzentren","og_description":"4-Personen mobiler Urinalstand f\u00fcr Stadtzentren und Veranstaltungen. Ein dauerhafter Urinalstand, ideal f\u00fcr l\u00e4ngere Platzierung","og_url":"https:\/\/atlastoilets.com\/de\/produkt\/4-personen-mobiler-urinalstand\/","og_site_name":"Atlas Sanitation Products","article_modified_time":"2022-08-12T08:16:23+00:00","og_image":[{"width":1000,"height":1000,"url":"https:\/\/atlastoilets.com\/wp-content\/uploads\/2022\/03\/semi-permanent-urinal-1.jpg","type":"image\/jpeg"}],"twitter_card":"summary_large_image","twitter_misc":{"Gesch\u00e4tzte Lesezeit":"2\u00a0Minuten"},"schema":{"@context":"https:\/\/schema.org","@graph":[{"@type":["WebPage","ItemPage"],"@id":"https:\/\/atlastoilets.com\/de\/produkt\/4-personen-mobiler-urinalstand\/","url":"https:\/\/atlastoilets.com\/de\/produkt\/4-personen-mobiler-urinalstand\/","name":"4-Personen mobiler Urinalstand f\u00fcr Stadtzentren","isPartOf":{"@id":"https:\/\/atlastoilets.com\/#website"},"primaryImageOfPage":{"@id":"https:\/\/atlastoilets.com\/de\/produkt\/4-personen-mobiler-urinalstand\/#primaryimage"},"image":{"@id":"https:\/\/atlastoilets.com\/de\/produkt\/4-personen-mobiler-urinalstand\/#primaryimage"},"thumbnailUrl":"https:\/\/atlastoilets.com\/wp-content\/uploads\/2022\/03\/semi-permanent-urinal-1.jpg","datePublished":"2022-03-07T13:40:58+00:00","dateModified":"2022-08-12T08:16:23+00:00","description":"4-Personen mobiler Urinalstand f\u00fcr Stadtzentren und Veranstaltungen. Ein dauerhafter Urinalstand, ideal f\u00fcr l\u00e4ngere Platzierung","breadcrumb":{"@id":"https:\/\/atlastoilets.com\/de\/produkt\/4-personen-mobiler-urinalstand\/#breadcrumb"},"inLanguage":"de","potentialAction":[{"@type":"ReadAction","target":["https:\/\/atlastoilets.com\/de\/produkt\/4-personen-mobiler-urinalstand\/"]}]},{"@type":"ImageObject","inLanguage":"de","@id":"https:\/\/atlastoilets.com\/de\/produkt\/4-personen-mobiler-urinalstand\/#primaryimage","url":"https:\/\/atlastoilets.com\/wp-content\/uploads\/2022\/03\/semi-permanent-urinal-1.jpg","contentUrl":"https:\/\/atlastoilets.com\/wp-content\/uploads\/2022\/03\/semi-permanent-urinal-1.jpg","width":1000,"height":1000,"caption":"4-Personen mobiler Urinalstand"},{"@type":"BreadcrumbList","@id":"https:\/\/atlastoilets.com\/de\/produkt\/4-personen-mobiler-urinalstand\/#breadcrumb","itemListElement":[{"@type":"ListItem","position":1,"name":"Home","item":"https:\/\/atlastoilets.com\/de\/"},{"@type":"ListItem","position":2,"name":"Shop","item":"https:\/\/atlastoilets.com\/de\/shop-2\/"},{"@type":"ListItem","position":3,"name":"Semi-permantes mobiles Urinal Pluto4"}]},{"@type":"WebSite","@id":"https:\/\/atlastoilets.com\/#website","url":"https:\/\/atlastoilets.com\/","name":"Atlas Sanitation Products","description":"Total supplier for toilet rental companies","potentialAction":[{"@type":"SearchAction","target":{"@type":"EntryPoint","urlTemplate":"https:\/\/atlastoilets.com\/?s={search_term_string}"},"query-input":{"@type":"PropertyValueSpecification","valueRequired":true,"valueName":"search_term_string"}}],"inLanguage":"de"}]}},"_links":{"self":[{"href":"https:\/\/atlastoilets.com\/de\/wp-json\/wp\/v2\/product\/20396","targetHints":{"allow":["GET"]}}],"collection":[{"href":"https:\/\/atlastoilets.com\/de\/wp-json\/wp\/v2\/product"}],"about":[{"href":"https:\/\/atlastoilets.com\/de\/wp-json\/wp\/v2\/types\/product"}],"wp:featuredmedia":[{"embeddable":true,"href":"https:\/\/atlastoilets.com\/de\/wp-json\/wp\/v2\/media\/20591"}],"wp:attachment":[{"href":"https:\/\/atlastoilets.com\/de\/wp-json\/wp\/v2\/media?parent=20396"}],"wp:term":[{"taxonomy":"product_brand","embeddable":true,"href":"https:\/\/atlastoilets.com\/de\/wp-json\/wp\/v2\/product_brand?post=20396"},{"taxonomy":"product_cat","embeddable":true,"href":"https:\/\/atlastoilets.com\/de\/wp-json\/wp\/v2\/product_cat?post=20396"},{"taxonomy":"product_tag","embeddable":true,"href":"https:\/\/atlastoilets.com\/de\/wp-json\/wp\/v2\/product_tag?post=20396"}],"curies":[{"name":"wp","href":"https:\/\/api.w.org\/{rel}","templated":true}]}}