{"id":20393,"date":"2022-03-07T13:40:58","date_gmt":"2022-03-07T13:40:58","guid":{"rendered":"https:\/\/www.mobileurinal.eu\/product\/mobiles-urinal-peeone\/"},"modified":"2025-04-18T13:34:09","modified_gmt":"2025-04-18T13:34:09","slug":"einzelnes-urinal-auf-raedern","status":"publish","type":"product","link":"https:\/\/atlastoilets.com\/de\/produkt\/einzelnes-urinal-auf-raedern\/","title":{"rendered":"Mobiles Urinal PeeOne"},"content":{"rendered":"<p><strong><em>Einzelnes Urinal auf R\u00e4dern<\/em><\/strong><\/p>\n<p>Ein mobiles Urinal auf R\u00e4dern, das leicht zu transportieren ist und schnell \u00fcberall aufgestellt werden kann.<br \/>\nDieses Produkt kann aufgrund seiner Mobilit\u00e4t f\u00fcr Vermietungsunternehmen interessant sein.<br \/>\nDie Eigenschaften des Peeones machen es sehr geeignet f\u00fcr den Einsatz bei <strong>Bauarbeiten<\/strong> in mehrst\u00f6ckigen Geb\u00e4uden, mit einem Urinal auf jeder Etage, so dass die Bauarbeiter nicht auf das Erdgeschoss gehen m\u00fcssen, um zu pinkeln.<br \/>\nEin weiterer Markt f\u00fcr die Vermietung des Peeone sind z.B.\u00a0 Privatpersonen, die <strong>Gartenpartys<\/strong> oder andere Festivit\u00e4ten im Freien organisieren.<\/p>\n<p><img loading=\"lazy\" decoding=\"async\" class=\"alignright size-full wp-image-30126\" src=\"https:\/\/atlastoilets.com\/wp-content\/uploads\/2022\/03\/LOGO-PLUTO-peeone-mobile-urinal-1.png\" alt=\"peeone logo\" width=\"227\" height=\"114\" \/>Spezifikazionen:<\/p>\n<p><span style=\"color: #818181; font-family: Verdana, helvetica, sans-serif; font-size: 12px; line-height: 20px;\">\u2022\u00a0<\/span>H\u00f6he: 1200 mm<br \/>\n<span style=\"color: #818181; font-family: Verdana, helvetica, sans-serif; font-size: 12px; line-height: 20px;\">\u2022\u00a0<\/span>Breite: 390 mm<br \/>\n<span style=\"color: #818181; font-family: Verdana, helvetica, sans-serif; font-size: 12px; line-height: 20px;\">\u2022\u00a0<\/span>Tiefe: 330 mm<br \/>\n<span style=\"color: #818181; font-family: Verdana, helvetica, sans-serif; font-size: 12px; line-height: 20px;\">\u2022\u00a0<\/span>Gewicht: 10 kg<br \/>\n<span style=\"color: #818181; font-family: Verdana, helvetica, sans-serif; font-size: 12px; line-height: 20px;\">\u2022\u00a0<\/span>Kapazit\u00e4t: 50 Liter<br \/>\n<span style=\"color: #818181; font-family: Verdana, helvetica, sans-serif; font-size: 12px; line-height: 20px;\">\u2022\u00a0<\/span>Erh\u00e4ltlich in: Granit<\/p>\n","protected":false},"excerpt":{"rendered":"<p><img loading=\"lazy\" decoding=\"async\" class=\"alignright size-full wp-image-30126\" src=\"https:\/\/atlastoilets.com\/wp-content\/uploads\/2022\/03\/LOGO-PLUTO-peeone-mobile-urinal-1.png\" alt=\"peeone logo\" width=\"227\" height=\"114\" \/>Einzelnes Urinal auf R\u00e4dern. Das PeeOne ist ein mobiles Urinal, die leicht zu transportieren und schnell einzurichten ist, wohin Sie wollen<\/p>\n<p><strong style=\"line-height: 26.6667px;\"><em>\u00a0<\/em><\/strong><\/p>\n<p><strong style=\"line-height: 26.6667px;\"><em>\u00a0<\/em><\/strong><\/p>\n","protected":false},"featured_media":18656,"template":"","meta":[],"product_brand":[],"product_cat":[845,865],"product_tag":[],"class_list":{"0":"post-20393","1":"product","2":"type-product","3":"status-publish","4":"has-post-thumbnail","6":"product_cat-1-personen-urinale","7":"product_cat-mobile-urinale","9":"first","10":"instock","11":"taxable","12":"shipping-taxable","13":"purchasable","14":"product-type-simple"},"yoast_head":"<!-- This site is optimized with the Yoast SEO plugin v27.4 - https:\/\/yoast.com\/product\/yoast-seo-wordpress\/ -->\n<title>Einzelnes Urinal auf R\u00e4dern PeeOne<\/title>\n<meta name=\"description\" content=\"Einzelnes Urinal auf R\u00e4dern. Das PeeOne ist ein mobiles Urinal, die leicht zu transportieren und schnell einzurichten ist, wohin Sie wollen.\" \/>\n<meta name=\"robots\" content=\"index, follow, max-snippet:-1, max-image-preview:large, max-video-preview:-1\" \/>\n<link rel=\"canonical\" href=\"https:\/\/atlastoilets.com\/de\/produkt\/einzelnes-urinal-auf-raedern\/\" \/>\n<meta property=\"og:locale\" content=\"de_DE\" \/>\n<meta property=\"og:type\" content=\"article\" \/>\n<meta property=\"og:title\" content=\"Einzelnes Urinal auf R\u00e4dern PeeOne\" \/>\n<meta property=\"og:description\" content=\"Einzelnes Urinal auf R\u00e4dern. Das PeeOne ist ein mobiles Urinal, die leicht zu transportieren und schnell einzurichten ist, wohin Sie wollen.\" \/>\n<meta property=\"og:url\" content=\"https:\/\/atlastoilets.com\/de\/produkt\/einzelnes-urinal-auf-raedern\/\" \/>\n<meta property=\"og:site_name\" content=\"Atlas Sanitation Products\" \/>\n<meta property=\"article:modified_time\" content=\"2025-04-18T13:34:09+00:00\" \/>\n<meta property=\"og:image\" content=\"https:\/\/atlastoilets.com\/wp-content\/uploads\/2022\/03\/Urinal-on-wheels-PeeOne.jpg\" \/>\n\t<meta property=\"og:image:width\" content=\"1000\" \/>\n\t<meta property=\"og:image:height\" content=\"1000\" \/>\n\t<meta property=\"og:image:type\" content=\"image\/jpeg\" \/>\n<meta name=\"twitter:card\" content=\"summary_large_image\" \/>\n<meta name=\"twitter:label1\" content=\"Gesch\u00e4tzte Lesezeit\" \/>\n\t<meta name=\"twitter:data1\" content=\"1\u00a0Minute\" \/>\n<script type=\"application\/ld+json\" class=\"yoast-schema-graph\">{\"@context\":\"https:\\\/\\\/schema.org\",\"@graph\":[{\"@type\":[\"WebPage\",\"ItemPage\"],\"@id\":\"https:\\\/\\\/atlastoilets.com\\\/de\\\/produkt\\\/einzelnes-urinal-auf-raedern\\\/\",\"url\":\"https:\\\/\\\/atlastoilets.com\\\/de\\\/produkt\\\/einzelnes-urinal-auf-raedern\\\/\",\"name\":\"Einzelnes Urinal auf R\u00e4dern PeeOne\",\"isPartOf\":{\"@id\":\"https:\\\/\\\/atlastoilets.com\\\/#website\"},\"primaryImageOfPage\":{\"@id\":\"https:\\\/\\\/atlastoilets.com\\\/de\\\/produkt\\\/einzelnes-urinal-auf-raedern\\\/#primaryimage\"},\"image\":{\"@id\":\"https:\\\/\\\/atlastoilets.com\\\/de\\\/produkt\\\/einzelnes-urinal-auf-raedern\\\/#primaryimage\"},\"thumbnailUrl\":\"https:\\\/\\\/atlastoilets.com\\\/wp-content\\\/uploads\\\/2022\\\/03\\\/Urinal-on-wheels-PeeOne.jpg\",\"datePublished\":\"2022-03-07T13:40:58+00:00\",\"dateModified\":\"2025-04-18T13:34:09+00:00\",\"description\":\"Einzelnes Urinal auf R\u00e4dern. Das PeeOne ist ein mobiles Urinal, die leicht zu transportieren und schnell einzurichten ist, wohin Sie wollen.\",\"breadcrumb\":{\"@id\":\"https:\\\/\\\/atlastoilets.com\\\/de\\\/produkt\\\/einzelnes-urinal-auf-raedern\\\/#breadcrumb\"},\"inLanguage\":\"de\",\"potentialAction\":[{\"@type\":\"ReadAction\",\"target\":[\"https:\\\/\\\/atlastoilets.com\\\/de\\\/produkt\\\/einzelnes-urinal-auf-raedern\\\/\"]}]},{\"@type\":\"ImageObject\",\"inLanguage\":\"de\",\"@id\":\"https:\\\/\\\/atlastoilets.com\\\/de\\\/produkt\\\/einzelnes-urinal-auf-raedern\\\/#primaryimage\",\"url\":\"https:\\\/\\\/atlastoilets.com\\\/wp-content\\\/uploads\\\/2022\\\/03\\\/Urinal-on-wheels-PeeOne.jpg\",\"contentUrl\":\"https:\\\/\\\/atlastoilets.com\\\/wp-content\\\/uploads\\\/2022\\\/03\\\/Urinal-on-wheels-PeeOne.jpg\",\"width\":1000,\"height\":1000,\"caption\":\"Einzelnes Urinal auf R\u00e4dern\"},{\"@type\":\"BreadcrumbList\",\"@id\":\"https:\\\/\\\/atlastoilets.com\\\/de\\\/produkt\\\/einzelnes-urinal-auf-raedern\\\/#breadcrumb\",\"itemListElement\":[{\"@type\":\"ListItem\",\"position\":1,\"name\":\"Home\",\"item\":\"https:\\\/\\\/atlastoilets.com\\\/de\\\/\"},{\"@type\":\"ListItem\",\"position\":2,\"name\":\"Shop\",\"item\":\"https:\\\/\\\/atlastoilets.com\\\/de\\\/shop-2\\\/\"},{\"@type\":\"ListItem\",\"position\":3,\"name\":\"Mobiles Urinal PeeOne\"}]},{\"@type\":\"WebSite\",\"@id\":\"https:\\\/\\\/atlastoilets.com\\\/#website\",\"url\":\"https:\\\/\\\/atlastoilets.com\\\/\",\"name\":\"Atlas Sanitation Products\",\"description\":\"Total supplier for toilet rental companies\",\"potentialAction\":[{\"@type\":\"SearchAction\",\"target\":{\"@type\":\"EntryPoint\",\"urlTemplate\":\"https:\\\/\\\/atlastoilets.com\\\/?s={search_term_string}\"},\"query-input\":{\"@type\":\"PropertyValueSpecification\",\"valueRequired\":true,\"valueName\":\"search_term_string\"}}],\"inLanguage\":\"de\"}]}<\/script>\n<!-- \/ Yoast SEO plugin. -->","yoast_head_json":{"title":"Einzelnes Urinal auf R\u00e4dern PeeOne","description":"Einzelnes Urinal auf R\u00e4dern. Das PeeOne ist ein mobiles Urinal, die leicht zu transportieren und schnell einzurichten ist, wohin Sie wollen.","robots":{"index":"index","follow":"follow","max-snippet":"max-snippet:-1","max-image-preview":"max-image-preview:large","max-video-preview":"max-video-preview:-1"},"canonical":"https:\/\/atlastoilets.com\/de\/produkt\/einzelnes-urinal-auf-raedern\/","og_locale":"de_DE","og_type":"article","og_title":"Einzelnes Urinal auf R\u00e4dern PeeOne","og_description":"Einzelnes Urinal auf R\u00e4dern. Das PeeOne ist ein mobiles Urinal, die leicht zu transportieren und schnell einzurichten ist, wohin Sie wollen.","og_url":"https:\/\/atlastoilets.com\/de\/produkt\/einzelnes-urinal-auf-raedern\/","og_site_name":"Atlas Sanitation Products","article_modified_time":"2025-04-18T13:34:09+00:00","og_image":[{"width":1000,"height":1000,"url":"https:\/\/atlastoilets.com\/wp-content\/uploads\/2022\/03\/Urinal-on-wheels-PeeOne.jpg","type":"image\/jpeg"}],"twitter_card":"summary_large_image","twitter_misc":{"Gesch\u00e4tzte Lesezeit":"1\u00a0Minute"},"schema":{"@context":"https:\/\/schema.org","@graph":[{"@type":["WebPage","ItemPage"],"@id":"https:\/\/atlastoilets.com\/de\/produkt\/einzelnes-urinal-auf-raedern\/","url":"https:\/\/atlastoilets.com\/de\/produkt\/einzelnes-urinal-auf-raedern\/","name":"Einzelnes Urinal auf R\u00e4dern PeeOne","isPartOf":{"@id":"https:\/\/atlastoilets.com\/#website"},"primaryImageOfPage":{"@id":"https:\/\/atlastoilets.com\/de\/produkt\/einzelnes-urinal-auf-raedern\/#primaryimage"},"image":{"@id":"https:\/\/atlastoilets.com\/de\/produkt\/einzelnes-urinal-auf-raedern\/#primaryimage"},"thumbnailUrl":"https:\/\/atlastoilets.com\/wp-content\/uploads\/2022\/03\/Urinal-on-wheels-PeeOne.jpg","datePublished":"2022-03-07T13:40:58+00:00","dateModified":"2025-04-18T13:34:09+00:00","description":"Einzelnes Urinal auf R\u00e4dern. Das PeeOne ist ein mobiles Urinal, die leicht zu transportieren und schnell einzurichten ist, wohin Sie wollen.","breadcrumb":{"@id":"https:\/\/atlastoilets.com\/de\/produkt\/einzelnes-urinal-auf-raedern\/#breadcrumb"},"inLanguage":"de","potentialAction":[{"@type":"ReadAction","target":["https:\/\/atlastoilets.com\/de\/produkt\/einzelnes-urinal-auf-raedern\/"]}]},{"@type":"ImageObject","inLanguage":"de","@id":"https:\/\/atlastoilets.com\/de\/produkt\/einzelnes-urinal-auf-raedern\/#primaryimage","url":"https:\/\/atlastoilets.com\/wp-content\/uploads\/2022\/03\/Urinal-on-wheels-PeeOne.jpg","contentUrl":"https:\/\/atlastoilets.com\/wp-content\/uploads\/2022\/03\/Urinal-on-wheels-PeeOne.jpg","width":1000,"height":1000,"caption":"Einzelnes Urinal auf R\u00e4dern"},{"@type":"BreadcrumbList","@id":"https:\/\/atlastoilets.com\/de\/produkt\/einzelnes-urinal-auf-raedern\/#breadcrumb","itemListElement":[{"@type":"ListItem","position":1,"name":"Home","item":"https:\/\/atlastoilets.com\/de\/"},{"@type":"ListItem","position":2,"name":"Shop","item":"https:\/\/atlastoilets.com\/de\/shop-2\/"},{"@type":"ListItem","position":3,"name":"Mobiles Urinal PeeOne"}]},{"@type":"WebSite","@id":"https:\/\/atlastoilets.com\/#website","url":"https:\/\/atlastoilets.com\/","name":"Atlas Sanitation Products","description":"Total supplier for toilet rental companies","potentialAction":[{"@type":"SearchAction","target":{"@type":"EntryPoint","urlTemplate":"https:\/\/atlastoilets.com\/?s={search_term_string}"},"query-input":{"@type":"PropertyValueSpecification","valueRequired":true,"valueName":"search_term_string"}}],"inLanguage":"de"}]}},"_links":{"self":[{"href":"https:\/\/atlastoilets.com\/de\/wp-json\/wp\/v2\/product\/20393","targetHints":{"allow":["GET"]}}],"collection":[{"href":"https:\/\/atlastoilets.com\/de\/wp-json\/wp\/v2\/product"}],"about":[{"href":"https:\/\/atlastoilets.com\/de\/wp-json\/wp\/v2\/types\/product"}],"wp:featuredmedia":[{"embeddable":true,"href":"https:\/\/atlastoilets.com\/de\/wp-json\/wp\/v2\/media\/18656"}],"wp:attachment":[{"href":"https:\/\/atlastoilets.com\/de\/wp-json\/wp\/v2\/media?parent=20393"}],"wp:term":[{"taxonomy":"product_brand","embeddable":true,"href":"https:\/\/atlastoilets.com\/de\/wp-json\/wp\/v2\/product_brand?post=20393"},{"taxonomy":"product_cat","embeddable":true,"href":"https:\/\/atlastoilets.com\/de\/wp-json\/wp\/v2\/product_cat?post=20393"},{"taxonomy":"product_tag","embeddable":true,"href":"https:\/\/atlastoilets.com\/de\/wp-json\/wp\/v2\/product_tag?post=20393"}],"curies":[{"name":"wp","href":"https:\/\/api.w.org\/{rel}","templated":true}]}}