{"id":20392,"date":"2022-03-07T13:40:58","date_gmt":"2022-03-07T13:40:58","guid":{"rendered":"https:\/\/www.mobileurinal.eu\/product\/mobiles-urinal-pee6\/"},"modified":"2024-06-14T11:49:04","modified_gmt":"2024-06-14T11:49:04","slug":"6-personen-urinal","status":"publish","type":"product","link":"https:\/\/atlastoilets.com\/de\/produkt\/6-personen-urinal\/","title":{"rendered":"Mobiles Urinal Pee6"},"content":{"rendered":"<p>Entdecken Sie die Bequemlichkeit und Effizienz des Pee6, dem idealen mobilen Urinal f\u00fcr Veranstaltungen. Mit Platz f\u00fcr sechs Benutzer gleichzeitig bietet dieses Urinal eine praktische L\u00f6sung f\u00fcr stark frequentierte Orte. Aus robustem Kunststoff gefertigt, h\u00e4lt es intensivem Gebrauch stand. Der gro\u00dfe 500-Liter-Tank sorgt f\u00fcr eine lange Nutzungsdauer ohne h\u00e4ufiges Entleeren.<\/p>\n<h5><strong><br \/>\nWichtigste Merkmale:<\/strong><\/h5>\n<ul>\n<li><strong>Kapazit\u00e4t:<\/strong> Geeignet f\u00fcr 1.875 Wasserlassen.<\/li>\n<li><strong>Robust:<\/strong> Hergestellt aus widerstandsf\u00e4higem, wetterfestem Kunststoff.<\/li>\n<li><strong>Einfach zu transportieren:<\/strong> Kompaktes Design erm\u00f6glicht einfachen Standortwechsel und Aufbau an verschiedenen Orten.<\/li>\n<\/ul>\n<p>Das Pee6 ist perfekt f\u00fcr Festivals, Sportveranstaltungen und gro\u00dfe Versammlungen, die schnelle und effiziente sanit\u00e4re Einrichtungen ben\u00f6tigen. Bestellen Sie jetzt bei MobielToiletKopen.nl und sorgen Sie f\u00fcr eine komfortable Sanit\u00e4rl\u00f6sung f\u00fcr Ihre n\u00e4chste Veranstaltung.<\/p>\n<h5><strong><br \/>\nWarum das Pee6 w\u00e4hlen?<\/strong><\/h5>\n<ul>\n<li><strong>Schnelle Installation:<\/strong> Ready for use in minutes.<\/li>\n<li><strong>Umweltfreundlich:<\/strong> Reduces water usage and waste.<\/li>\n<li><strong>Kosteneffizient:<\/strong> Minimiert die Notwendigkeit mehrerer Urinale.<\/li>\n<\/ul>\n<h4><\/h4>\n<p>Das mobile Urinal Pee6 hat sechs separate Urinal-Stellen\u00a0mit einer Gesamttankkapazit\u00e4t von 500 Litern.<br \/>\nEin Lkw kann bis zu 14 Urinale zu tragen, gleich 84 urinieren Pl\u00e4tze<\/p>\n<h5><strong><br \/>\nTechnische Daten:<\/strong><\/h5>\n<p>\u2022 H\u00f6he: 2080 mm<br \/>\n\u2022 Breite: 1690 mm<br \/>\n\u2022 Tiefe: 1120 mm<br \/>\n\u2022 Gewicht: 120 kg<br \/>\n\u2022 Kapazit\u00e4t: 500 Liter<\/p>\n","protected":false},"excerpt":{"rendered":"<p>6-Personen Urinal Pee6 mit sechs separate Urinal-Stellen\u00a0mit einer Gesamttankkapazit\u00e4t von 500 Litern.<\/p>\n","protected":false},"featured_media":18648,"template":"","meta":[],"product_brand":[],"product_cat":[853,865],"product_tag":[],"class_list":{"0":"post-20392","1":"product","2":"type-product","3":"status-publish","4":"has-post-thumbnail","6":"product_cat-6-personen-urinal","7":"product_cat-mobile-urinale","9":"first","10":"on_request","11":"taxable","12":"shipping-taxable","13":"purchasable","14":"product-type-simple"},"yoast_head":"<!-- This site is optimized with the Yoast SEO plugin v27.4 - https:\/\/yoast.com\/product\/yoast-seo-wordpress\/ -->\n<title>6-Personen Urinal Pee6<\/title>\n<meta name=\"description\" content=\"6-Personen Urinal Pee6 mit sechs separate Urinal-Stellen\u00a0mit einer Gesamttankkapazit\u00e4t von 500 Litern. Ideal f\u00fcr Veranstaltungen\" \/>\n<meta name=\"robots\" content=\"index, follow, max-snippet:-1, max-image-preview:large, max-video-preview:-1\" \/>\n<link rel=\"canonical\" href=\"https:\/\/atlastoilets.com\/de\/produkt\/6-personen-urinal\/\" \/>\n<meta property=\"og:locale\" content=\"de_DE\" \/>\n<meta property=\"og:type\" content=\"article\" \/>\n<meta property=\"og:title\" content=\"6-Personen Urinal Pee6\" \/>\n<meta property=\"og:description\" content=\"6-Personen Urinal Pee6 mit sechs separate Urinal-Stellen\u00a0mit einer Gesamttankkapazit\u00e4t von 500 Litern. Ideal f\u00fcr Veranstaltungen\" \/>\n<meta property=\"og:url\" content=\"https:\/\/atlastoilets.com\/de\/produkt\/6-personen-urinal\/\" \/>\n<meta property=\"og:site_name\" content=\"Atlas Sanitation Products\" \/>\n<meta property=\"article:modified_time\" content=\"2024-06-14T11:49:04+00:00\" \/>\n<meta property=\"og:image\" content=\"https:\/\/atlastoilets.com\/wp-content\/uploads\/2022\/03\/Mobile-urinal-Pee6.jpg\" \/>\n\t<meta property=\"og:image:width\" content=\"1000\" \/>\n\t<meta property=\"og:image:height\" content=\"1000\" \/>\n\t<meta property=\"og:image:type\" content=\"image\/jpeg\" \/>\n<meta name=\"twitter:card\" content=\"summary_large_image\" \/>\n<meta name=\"twitter:label1\" content=\"Gesch\u00e4tzte Lesezeit\" \/>\n\t<meta name=\"twitter:data1\" content=\"1\u00a0Minute\" \/>\n<script type=\"application\/ld+json\" class=\"yoast-schema-graph\">{\"@context\":\"https:\\\/\\\/schema.org\",\"@graph\":[{\"@type\":[\"WebPage\",\"ItemPage\"],\"@id\":\"https:\\\/\\\/atlastoilets.com\\\/de\\\/produkt\\\/6-personen-urinal\\\/\",\"url\":\"https:\\\/\\\/atlastoilets.com\\\/de\\\/produkt\\\/6-personen-urinal\\\/\",\"name\":\"6-Personen Urinal Pee6\",\"isPartOf\":{\"@id\":\"https:\\\/\\\/atlastoilets.com\\\/#website\"},\"primaryImageOfPage\":{\"@id\":\"https:\\\/\\\/atlastoilets.com\\\/de\\\/produkt\\\/6-personen-urinal\\\/#primaryimage\"},\"image\":{\"@id\":\"https:\\\/\\\/atlastoilets.com\\\/de\\\/produkt\\\/6-personen-urinal\\\/#primaryimage\"},\"thumbnailUrl\":\"https:\\\/\\\/atlastoilets.com\\\/wp-content\\\/uploads\\\/2022\\\/03\\\/Mobile-urinal-Pee6.jpg\",\"datePublished\":\"2022-03-07T13:40:58+00:00\",\"dateModified\":\"2024-06-14T11:49:04+00:00\",\"description\":\"6-Personen Urinal Pee6 mit sechs separate Urinal-Stellen\u00a0mit einer Gesamttankkapazit\u00e4t von 500 Litern. Ideal f\u00fcr Veranstaltungen\",\"breadcrumb\":{\"@id\":\"https:\\\/\\\/atlastoilets.com\\\/de\\\/produkt\\\/6-personen-urinal\\\/#breadcrumb\"},\"inLanguage\":\"de\",\"potentialAction\":[{\"@type\":\"ReadAction\",\"target\":[\"https:\\\/\\\/atlastoilets.com\\\/de\\\/produkt\\\/6-personen-urinal\\\/\"]}]},{\"@type\":\"ImageObject\",\"inLanguage\":\"de\",\"@id\":\"https:\\\/\\\/atlastoilets.com\\\/de\\\/produkt\\\/6-personen-urinal\\\/#primaryimage\",\"url\":\"https:\\\/\\\/atlastoilets.com\\\/wp-content\\\/uploads\\\/2022\\\/03\\\/Mobile-urinal-Pee6.jpg\",\"contentUrl\":\"https:\\\/\\\/atlastoilets.com\\\/wp-content\\\/uploads\\\/2022\\\/03\\\/Mobile-urinal-Pee6.jpg\",\"width\":1000,\"height\":1000,\"caption\":\"6-Personen Urinal\"},{\"@type\":\"BreadcrumbList\",\"@id\":\"https:\\\/\\\/atlastoilets.com\\\/de\\\/produkt\\\/6-personen-urinal\\\/#breadcrumb\",\"itemListElement\":[{\"@type\":\"ListItem\",\"position\":1,\"name\":\"Home\",\"item\":\"https:\\\/\\\/atlastoilets.com\\\/de\\\/\"},{\"@type\":\"ListItem\",\"position\":2,\"name\":\"Shop\",\"item\":\"https:\\\/\\\/atlastoilets.com\\\/de\\\/shop-2\\\/\"},{\"@type\":\"ListItem\",\"position\":3,\"name\":\"Mobiles Urinal Pee6\"}]},{\"@type\":\"WebSite\",\"@id\":\"https:\\\/\\\/atlastoilets.com\\\/#website\",\"url\":\"https:\\\/\\\/atlastoilets.com\\\/\",\"name\":\"Atlas Sanitation Products\",\"description\":\"Total supplier for toilet rental companies\",\"potentialAction\":[{\"@type\":\"SearchAction\",\"target\":{\"@type\":\"EntryPoint\",\"urlTemplate\":\"https:\\\/\\\/atlastoilets.com\\\/?s={search_term_string}\"},\"query-input\":{\"@type\":\"PropertyValueSpecification\",\"valueRequired\":true,\"valueName\":\"search_term_string\"}}],\"inLanguage\":\"de\"}]}<\/script>\n<!-- \/ Yoast SEO plugin. -->","yoast_head_json":{"title":"6-Personen Urinal Pee6","description":"6-Personen Urinal Pee6 mit sechs separate Urinal-Stellen\u00a0mit einer Gesamttankkapazit\u00e4t von 500 Litern. Ideal f\u00fcr Veranstaltungen","robots":{"index":"index","follow":"follow","max-snippet":"max-snippet:-1","max-image-preview":"max-image-preview:large","max-video-preview":"max-video-preview:-1"},"canonical":"https:\/\/atlastoilets.com\/de\/produkt\/6-personen-urinal\/","og_locale":"de_DE","og_type":"article","og_title":"6-Personen Urinal Pee6","og_description":"6-Personen Urinal Pee6 mit sechs separate Urinal-Stellen\u00a0mit einer Gesamttankkapazit\u00e4t von 500 Litern. Ideal f\u00fcr Veranstaltungen","og_url":"https:\/\/atlastoilets.com\/de\/produkt\/6-personen-urinal\/","og_site_name":"Atlas Sanitation Products","article_modified_time":"2024-06-14T11:49:04+00:00","og_image":[{"width":1000,"height":1000,"url":"https:\/\/atlastoilets.com\/wp-content\/uploads\/2022\/03\/Mobile-urinal-Pee6.jpg","type":"image\/jpeg"}],"twitter_card":"summary_large_image","twitter_misc":{"Gesch\u00e4tzte Lesezeit":"1\u00a0Minute"},"schema":{"@context":"https:\/\/schema.org","@graph":[{"@type":["WebPage","ItemPage"],"@id":"https:\/\/atlastoilets.com\/de\/produkt\/6-personen-urinal\/","url":"https:\/\/atlastoilets.com\/de\/produkt\/6-personen-urinal\/","name":"6-Personen Urinal Pee6","isPartOf":{"@id":"https:\/\/atlastoilets.com\/#website"},"primaryImageOfPage":{"@id":"https:\/\/atlastoilets.com\/de\/produkt\/6-personen-urinal\/#primaryimage"},"image":{"@id":"https:\/\/atlastoilets.com\/de\/produkt\/6-personen-urinal\/#primaryimage"},"thumbnailUrl":"https:\/\/atlastoilets.com\/wp-content\/uploads\/2022\/03\/Mobile-urinal-Pee6.jpg","datePublished":"2022-03-07T13:40:58+00:00","dateModified":"2024-06-14T11:49:04+00:00","description":"6-Personen Urinal Pee6 mit sechs separate Urinal-Stellen\u00a0mit einer Gesamttankkapazit\u00e4t von 500 Litern. Ideal f\u00fcr Veranstaltungen","breadcrumb":{"@id":"https:\/\/atlastoilets.com\/de\/produkt\/6-personen-urinal\/#breadcrumb"},"inLanguage":"de","potentialAction":[{"@type":"ReadAction","target":["https:\/\/atlastoilets.com\/de\/produkt\/6-personen-urinal\/"]}]},{"@type":"ImageObject","inLanguage":"de","@id":"https:\/\/atlastoilets.com\/de\/produkt\/6-personen-urinal\/#primaryimage","url":"https:\/\/atlastoilets.com\/wp-content\/uploads\/2022\/03\/Mobile-urinal-Pee6.jpg","contentUrl":"https:\/\/atlastoilets.com\/wp-content\/uploads\/2022\/03\/Mobile-urinal-Pee6.jpg","width":1000,"height":1000,"caption":"6-Personen Urinal"},{"@type":"BreadcrumbList","@id":"https:\/\/atlastoilets.com\/de\/produkt\/6-personen-urinal\/#breadcrumb","itemListElement":[{"@type":"ListItem","position":1,"name":"Home","item":"https:\/\/atlastoilets.com\/de\/"},{"@type":"ListItem","position":2,"name":"Shop","item":"https:\/\/atlastoilets.com\/de\/shop-2\/"},{"@type":"ListItem","position":3,"name":"Mobiles Urinal Pee6"}]},{"@type":"WebSite","@id":"https:\/\/atlastoilets.com\/#website","url":"https:\/\/atlastoilets.com\/","name":"Atlas Sanitation Products","description":"Total supplier for toilet rental companies","potentialAction":[{"@type":"SearchAction","target":{"@type":"EntryPoint","urlTemplate":"https:\/\/atlastoilets.com\/?s={search_term_string}"},"query-input":{"@type":"PropertyValueSpecification","valueRequired":true,"valueName":"search_term_string"}}],"inLanguage":"de"}]}},"_links":{"self":[{"href":"https:\/\/atlastoilets.com\/de\/wp-json\/wp\/v2\/product\/20392","targetHints":{"allow":["GET"]}}],"collection":[{"href":"https:\/\/atlastoilets.com\/de\/wp-json\/wp\/v2\/product"}],"about":[{"href":"https:\/\/atlastoilets.com\/de\/wp-json\/wp\/v2\/types\/product"}],"wp:featuredmedia":[{"embeddable":true,"href":"https:\/\/atlastoilets.com\/de\/wp-json\/wp\/v2\/media\/18648"}],"wp:attachment":[{"href":"https:\/\/atlastoilets.com\/de\/wp-json\/wp\/v2\/media?parent=20392"}],"wp:term":[{"taxonomy":"product_brand","embeddable":true,"href":"https:\/\/atlastoilets.com\/de\/wp-json\/wp\/v2\/product_brand?post=20392"},{"taxonomy":"product_cat","embeddable":true,"href":"https:\/\/atlastoilets.com\/de\/wp-json\/wp\/v2\/product_cat?post=20392"},{"taxonomy":"product_tag","embeddable":true,"href":"https:\/\/atlastoilets.com\/de\/wp-json\/wp\/v2\/product_tag?post=20392"}],"curies":[{"name":"wp","href":"https:\/\/api.w.org\/{rel}","templated":true}]}}