{"id":20330,"date":"2022-03-07T13:39:34","date_gmt":"2022-03-07T13:39:34","guid":{"rendered":"https:\/\/www.mobileurinal.eu\/product\/doppelwaschbecken-ride-along-von-five-peaks\/"},"modified":"2023-12-11T11:12:58","modified_gmt":"2023-12-11T11:12:58","slug":"doppelwaschbecken-ride-along-von-five-peaks","status":"publish","type":"product","link":"https:\/\/atlastoilets.com\/de\/produkt\/doppelwaschbecken-ride-along-von-five-peaks\/","title":{"rendered":"Freistehendes Handwaschbecken Ride along von Five Peaks"},"content":{"rendered":"<p><strong>Five Peaks Ride Along Doppelwaschbecken<\/strong><\/p>\n<p>Die Five Peaks Ride Along Handwasch is ein freistehendes Handwaschbecken f\u00fcr 2 Personen, ideal f\u00fcr Festivit\u00e4ten. Diese Handwasche kommt mit 2 Seifenspender.<\/p>\n<p>Specifikationen:<\/p>\n<ul>\n<li>H\u00f6he: 1280 mm<\/li>\n<li>Breite: 720 mm<\/li>\n<li>Tiefe: 480 mm<\/li>\n<li>Gewicht: 25 kg<\/li>\n<li>Sauber Wasser Kapazit\u00e4t: 83 Liter<\/li>\n<li>Abfall Wasser Kapazit\u00e4t: 102 Liter<\/li>\n<li>Farbe: granit<\/li>\n<\/ul>\n","protected":false},"excerpt":{"rendered":"<p>Die Five Peaks Ride Along Handwasch is ein freistehendes Handwaschbecken f\u00fcr 2 Personen, ideal f\u00fcr Festivit\u00e4ten. Diese Handwasche kommt mit 2 Seifenspender.<\/p>\n","protected":false},"featured_media":18320,"template":"","meta":[],"product_brand":[],"product_cat":[887,857],"product_tag":[1022],"class_list":{"0":"post-20330","1":"product","2":"type-product","3":"status-publish","4":"has-post-thumbnail","6":"product_cat-freistehende-handwaschbecken","7":"product_cat-handwaschbecken","8":"product_tag-five-peaks-de","10":"first","11":"outofstock","12":"taxable","13":"shipping-taxable","14":"product-type-simple"},"yoast_head":"<!-- This site is optimized with the Yoast SEO plugin v27.3 - https:\/\/yoast.com\/product\/yoast-seo-wordpress\/ -->\n<title>Freistehendes Handwaschbecken Ride along von Five Peaks<\/title>\n<meta name=\"robots\" content=\"index, follow, max-snippet:-1, max-image-preview:large, max-video-preview:-1\" \/>\n<link rel=\"canonical\" href=\"https:\/\/atlastoilets.com\/de\/produkt\/doppelwaschbecken-ride-along-von-five-peaks\/\" \/>\n<meta property=\"og:locale\" content=\"de_DE\" \/>\n<meta property=\"og:type\" content=\"article\" \/>\n<meta property=\"og:title\" content=\"Freistehendes Handwaschbecken Ride along von Five Peaks\" \/>\n<meta property=\"og:description\" content=\"Die Five Peaks Ride Along Handwasch is ein freistehendes Handwaschbecken f\u00fcr 2 Personen, ideal f\u00fcr Festivit\u00e4ten. Diese Handwasche kommt mit 2 Seifenspender.\" \/>\n<meta property=\"og:url\" content=\"https:\/\/atlastoilets.com\/de\/produkt\/doppelwaschbecken-ride-along-von-five-peaks\/\" \/>\n<meta property=\"og:site_name\" content=\"Atlas Sanitation Products\" \/>\n<meta property=\"article:modified_time\" content=\"2023-12-11T11:12:58+00:00\" \/>\n<meta property=\"og:image\" content=\"https:\/\/atlastoilets.com\/wp-content\/uploads\/2022\/03\/Five-Peaks-hand-wash-station-tag-along.jpg\" \/>\n\t<meta property=\"og:image:width\" content=\"1000\" \/>\n\t<meta property=\"og:image:height\" content=\"1000\" \/>\n\t<meta property=\"og:image:type\" content=\"image\/jpeg\" \/>\n<meta name=\"twitter:card\" content=\"summary_large_image\" \/>\n<meta name=\"twitter:label1\" content=\"Gesch\u00e4tzte Lesezeit\" \/>\n\t<meta name=\"twitter:data1\" content=\"1\u00a0Minute\" \/>\n<script type=\"application\/ld+json\" class=\"yoast-schema-graph\">{\"@context\":\"https:\\\/\\\/schema.org\",\"@graph\":[{\"@type\":[\"WebPage\",\"ItemPage\"],\"@id\":\"https:\\\/\\\/atlastoilets.com\\\/de\\\/produkt\\\/doppelwaschbecken-ride-along-von-five-peaks\\\/\",\"url\":\"https:\\\/\\\/atlastoilets.com\\\/de\\\/produkt\\\/doppelwaschbecken-ride-along-von-five-peaks\\\/\",\"name\":\"Freistehendes Handwaschbecken Ride along von Five Peaks\",\"isPartOf\":{\"@id\":\"https:\\\/\\\/atlastoilets.com\\\/#website\"},\"primaryImageOfPage\":{\"@id\":\"https:\\\/\\\/atlastoilets.com\\\/de\\\/produkt\\\/doppelwaschbecken-ride-along-von-five-peaks\\\/#primaryimage\"},\"image\":{\"@id\":\"https:\\\/\\\/atlastoilets.com\\\/de\\\/produkt\\\/doppelwaschbecken-ride-along-von-five-peaks\\\/#primaryimage\"},\"thumbnailUrl\":\"https:\\\/\\\/atlastoilets.com\\\/wp-content\\\/uploads\\\/2022\\\/03\\\/Five-Peaks-hand-wash-station-tag-along.jpg\",\"datePublished\":\"2022-03-07T13:39:34+00:00\",\"dateModified\":\"2023-12-11T11:12:58+00:00\",\"breadcrumb\":{\"@id\":\"https:\\\/\\\/atlastoilets.com\\\/de\\\/produkt\\\/doppelwaschbecken-ride-along-von-five-peaks\\\/#breadcrumb\"},\"inLanguage\":\"de\",\"potentialAction\":[{\"@type\":\"ReadAction\",\"target\":[\"https:\\\/\\\/atlastoilets.com\\\/de\\\/produkt\\\/doppelwaschbecken-ride-along-von-five-peaks\\\/\"]}]},{\"@type\":\"ImageObject\",\"inLanguage\":\"de\",\"@id\":\"https:\\\/\\\/atlastoilets.com\\\/de\\\/produkt\\\/doppelwaschbecken-ride-along-von-five-peaks\\\/#primaryimage\",\"url\":\"https:\\\/\\\/atlastoilets.com\\\/wp-content\\\/uploads\\\/2022\\\/03\\\/Five-Peaks-hand-wash-station-tag-along.jpg\",\"contentUrl\":\"https:\\\/\\\/atlastoilets.com\\\/wp-content\\\/uploads\\\/2022\\\/03\\\/Five-Peaks-hand-wash-station-tag-along.jpg\",\"width\":1000,\"height\":1000,\"caption\":\"Five Peaks Ride Along\"},{\"@type\":\"BreadcrumbList\",\"@id\":\"https:\\\/\\\/atlastoilets.com\\\/de\\\/produkt\\\/doppelwaschbecken-ride-along-von-five-peaks\\\/#breadcrumb\",\"itemListElement\":[{\"@type\":\"ListItem\",\"position\":1,\"name\":\"Home\",\"item\":\"https:\\\/\\\/atlastoilets.com\\\/de\\\/\"},{\"@type\":\"ListItem\",\"position\":2,\"name\":\"Shop\",\"item\":\"https:\\\/\\\/atlastoilets.com\\\/de\\\/shop-2\\\/\"},{\"@type\":\"ListItem\",\"position\":3,\"name\":\"Freistehendes Handwaschbecken Ride along von Five Peaks\"}]},{\"@type\":\"WebSite\",\"@id\":\"https:\\\/\\\/atlastoilets.com\\\/#website\",\"url\":\"https:\\\/\\\/atlastoilets.com\\\/\",\"name\":\"Atlas Sanitation Products\",\"description\":\"Total supplier for toilet rental companies\",\"potentialAction\":[{\"@type\":\"SearchAction\",\"target\":{\"@type\":\"EntryPoint\",\"urlTemplate\":\"https:\\\/\\\/atlastoilets.com\\\/?s={search_term_string}\"},\"query-input\":{\"@type\":\"PropertyValueSpecification\",\"valueRequired\":true,\"valueName\":\"search_term_string\"}}],\"inLanguage\":\"de\"}]}<\/script>\n<!-- \/ Yoast SEO plugin. -->","yoast_head_json":{"title":"Freistehendes Handwaschbecken Ride along von Five Peaks","robots":{"index":"index","follow":"follow","max-snippet":"max-snippet:-1","max-image-preview":"max-image-preview:large","max-video-preview":"max-video-preview:-1"},"canonical":"https:\/\/atlastoilets.com\/de\/produkt\/doppelwaschbecken-ride-along-von-five-peaks\/","og_locale":"de_DE","og_type":"article","og_title":"Freistehendes Handwaschbecken Ride along von Five Peaks","og_description":"Die Five Peaks Ride Along Handwasch is ein freistehendes Handwaschbecken f\u00fcr 2 Personen, ideal f\u00fcr Festivit\u00e4ten. Diese Handwasche kommt mit 2 Seifenspender.","og_url":"https:\/\/atlastoilets.com\/de\/produkt\/doppelwaschbecken-ride-along-von-five-peaks\/","og_site_name":"Atlas Sanitation Products","article_modified_time":"2023-12-11T11:12:58+00:00","og_image":[{"width":1000,"height":1000,"url":"https:\/\/atlastoilets.com\/wp-content\/uploads\/2022\/03\/Five-Peaks-hand-wash-station-tag-along.jpg","type":"image\/jpeg"}],"twitter_card":"summary_large_image","twitter_misc":{"Gesch\u00e4tzte Lesezeit":"1\u00a0Minute"},"schema":{"@context":"https:\/\/schema.org","@graph":[{"@type":["WebPage","ItemPage"],"@id":"https:\/\/atlastoilets.com\/de\/produkt\/doppelwaschbecken-ride-along-von-five-peaks\/","url":"https:\/\/atlastoilets.com\/de\/produkt\/doppelwaschbecken-ride-along-von-five-peaks\/","name":"Freistehendes Handwaschbecken Ride along von Five Peaks","isPartOf":{"@id":"https:\/\/atlastoilets.com\/#website"},"primaryImageOfPage":{"@id":"https:\/\/atlastoilets.com\/de\/produkt\/doppelwaschbecken-ride-along-von-five-peaks\/#primaryimage"},"image":{"@id":"https:\/\/atlastoilets.com\/de\/produkt\/doppelwaschbecken-ride-along-von-five-peaks\/#primaryimage"},"thumbnailUrl":"https:\/\/atlastoilets.com\/wp-content\/uploads\/2022\/03\/Five-Peaks-hand-wash-station-tag-along.jpg","datePublished":"2022-03-07T13:39:34+00:00","dateModified":"2023-12-11T11:12:58+00:00","breadcrumb":{"@id":"https:\/\/atlastoilets.com\/de\/produkt\/doppelwaschbecken-ride-along-von-five-peaks\/#breadcrumb"},"inLanguage":"de","potentialAction":[{"@type":"ReadAction","target":["https:\/\/atlastoilets.com\/de\/produkt\/doppelwaschbecken-ride-along-von-five-peaks\/"]}]},{"@type":"ImageObject","inLanguage":"de","@id":"https:\/\/atlastoilets.com\/de\/produkt\/doppelwaschbecken-ride-along-von-five-peaks\/#primaryimage","url":"https:\/\/atlastoilets.com\/wp-content\/uploads\/2022\/03\/Five-Peaks-hand-wash-station-tag-along.jpg","contentUrl":"https:\/\/atlastoilets.com\/wp-content\/uploads\/2022\/03\/Five-Peaks-hand-wash-station-tag-along.jpg","width":1000,"height":1000,"caption":"Five Peaks Ride Along"},{"@type":"BreadcrumbList","@id":"https:\/\/atlastoilets.com\/de\/produkt\/doppelwaschbecken-ride-along-von-five-peaks\/#breadcrumb","itemListElement":[{"@type":"ListItem","position":1,"name":"Home","item":"https:\/\/atlastoilets.com\/de\/"},{"@type":"ListItem","position":2,"name":"Shop","item":"https:\/\/atlastoilets.com\/de\/shop-2\/"},{"@type":"ListItem","position":3,"name":"Freistehendes Handwaschbecken Ride along von Five Peaks"}]},{"@type":"WebSite","@id":"https:\/\/atlastoilets.com\/#website","url":"https:\/\/atlastoilets.com\/","name":"Atlas Sanitation Products","description":"Total supplier for toilet rental companies","potentialAction":[{"@type":"SearchAction","target":{"@type":"EntryPoint","urlTemplate":"https:\/\/atlastoilets.com\/?s={search_term_string}"},"query-input":{"@type":"PropertyValueSpecification","valueRequired":true,"valueName":"search_term_string"}}],"inLanguage":"de"}]}},"_links":{"self":[{"href":"https:\/\/atlastoilets.com\/de\/wp-json\/wp\/v2\/product\/20330","targetHints":{"allow":["GET"]}}],"collection":[{"href":"https:\/\/atlastoilets.com\/de\/wp-json\/wp\/v2\/product"}],"about":[{"href":"https:\/\/atlastoilets.com\/de\/wp-json\/wp\/v2\/types\/product"}],"wp:featuredmedia":[{"embeddable":true,"href":"https:\/\/atlastoilets.com\/de\/wp-json\/wp\/v2\/media\/18320"}],"wp:attachment":[{"href":"https:\/\/atlastoilets.com\/de\/wp-json\/wp\/v2\/media?parent=20330"}],"wp:term":[{"taxonomy":"product_brand","embeddable":true,"href":"https:\/\/atlastoilets.com\/de\/wp-json\/wp\/v2\/product_brand?post=20330"},{"taxonomy":"product_cat","embeddable":true,"href":"https:\/\/atlastoilets.com\/de\/wp-json\/wp\/v2\/product_cat?post=20330"},{"taxonomy":"product_tag","embeddable":true,"href":"https:\/\/atlastoilets.com\/de\/wp-json\/wp\/v2\/product_tag?post=20330"}],"curies":[{"name":"wp","href":"https:\/\/api.w.org\/{rel}","templated":true}]}}