{"id":30963,"date":"2023-02-17T14:22:45","date_gmt":"2023-02-17T14:22:45","guid":{"rendered":"https:\/\/atlastoilets.com\/mvo\/"},"modified":"2023-07-26T09:32:14","modified_gmt":"2023-07-26T09:32:14","slug":"csr","status":"publish","type":"page","link":"https:\/\/atlastoilets.com\/de\/csr\/","title":{"rendered":"Soziale Verantwortung von Unternehmen (CSR)"},"content":{"rendered":"<p>[vc_row][vc_column width=&#8220;1\/2&#8243;][vc_custom_heading text=&#8220;CSR&#8220; font_container=&#8220;tag:h4|text_align:left&#8220; use_theme_fonts=&#8220;yes&#8220;][vc_column_text]Bei Atlas Sanitation Products legen wir gro\u00dfen Wert auf nachhaltige Gesch\u00e4ftspraktiken. Deshalb verwenden wir kein Gas mehr und sind mit unseren Sonnenkollektoren weitgehend stromautark. Den Strom, der uns fehlt, kaufen wir gr\u00fcn.<br \/>\nWir haben uns f\u00fcr Eneco HollandseWind\u00ae mit dem Umweltzeichen von SMK (Stichting Milieukeur) entschieden. Dieses Umweltzeichen ist uns wichtig, weil es beweist, dass unser Strom nachhaltig in den Niederlanden erzeugt wird. Dies wird j\u00e4hrlich von einer unabh\u00e4ngigen Zertifizierungsstelle gepr\u00fcft.<\/p>\n<p>Der Kauf von Windenergie aus einem niederl\u00e4ndischen Park ist f\u00fcr uns ein bewusster Schritt nach vorne. Auf diese Weise reduzieren wir unsere CO2-Emissionen und wir wirtschaften viel nachhaltiger. Wir tragen auch zu einer nachhaltigeren Energieerzeugung in den Niederlanden bei. Im Jahr 2023 werden wir dadurch 2.250 kg CO2 einsparen. Das ist so viel, wie 2250 B\u00e4ume in einem Jahr an CO2 aufnehmen.[\/vc_column_text][\/vc_column][vc_column width=&#8220;1\/2&#8243;][vc_single_image image=&#8220;30886&#8243; img_size=&#8220;300&#215;423&#8243; alignment=&#8220;center&#8220; style=&#8220;vc_box_shadow&#8220;][\/vc_column][\/vc_row]<\/p>\n","protected":false},"excerpt":{"rendered":"<p>[vc_row][vc_column width=&#8220;1\/2&#8243;][vc_custom_heading text=&#8220;CSR&#8220; font_container=&#8220;tag:h4|text_align:left&#8220; use_theme_fonts=&#8220;yes&#8220;][vc_column_text]Bei Atlas Sanitation Products legen wir gro\u00dfen Wert auf nachhaltige Gesch\u00e4ftspraktiken. Deshalb verwenden wir kein Gas mehr und sind mit unseren Sonnenkollektoren weitgehend stromautark. Den Strom, der uns fehlt, kaufen wir gr\u00fcn. Wir haben uns f\u00fcr Eneco HollandseWind\u00ae mit dem Umweltzeichen von SMK (Stichting Milieukeur) entschieden. Dieses Umweltzeichen ist uns wichtig, [&hellip;]<\/p>\n","protected":false},"author":3,"featured_media":0,"parent":0,"menu_order":0,"comment_status":"closed","ping_status":"closed","template":"","meta":{"footnotes":""},"class_list":["post-30963","page","type-page","status-publish","hentry"],"yoast_head":"<!-- This site is optimized with the Yoast SEO plugin v27.4 - https:\/\/yoast.com\/product\/yoast-seo-wordpress\/ -->\n<title>Soziale Verantwortung von Unternehmen (CSR) | Atlas Toilets<\/title>\n<meta name=\"description\" content=\"Soziale Verantwortung von Unternehmen (CSR). Bei Atlas Sanitation Products legen wir gro\u00dfen Wert auf nachhaltige Gesch\u00e4ftspraktiken\" \/>\n<meta name=\"robots\" content=\"index, follow, max-snippet:-1, max-image-preview:large, max-video-preview:-1\" \/>\n<link rel=\"canonical\" href=\"https:\/\/atlastoilets.com\/de\/csr\/\" \/>\n<meta property=\"og:locale\" content=\"de_DE\" \/>\n<meta property=\"og:type\" content=\"article\" \/>\n<meta property=\"og:title\" content=\"Soziale Verantwortung von Unternehmen (CSR) | Atlas Toilets\" \/>\n<meta property=\"og:description\" content=\"Soziale Verantwortung von Unternehmen (CSR). Bei Atlas Sanitation Products legen wir gro\u00dfen Wert auf nachhaltige Gesch\u00e4ftspraktiken\" \/>\n<meta property=\"og:url\" content=\"https:\/\/atlastoilets.com\/de\/csr\/\" \/>\n<meta property=\"og:site_name\" content=\"Atlas Sanitation Products\" \/>\n<meta property=\"article:modified_time\" content=\"2023-07-26T09:32:14+00:00\" \/>\n<meta name=\"twitter:card\" content=\"summary_large_image\" \/>\n<meta name=\"twitter:label1\" content=\"Gesch\u00e4tzte Lesezeit\" \/>\n\t<meta name=\"twitter:data1\" content=\"1\u00a0Minute\" \/>\n<script type=\"application\/ld+json\" class=\"yoast-schema-graph\">{\"@context\":\"https:\\\/\\\/schema.org\",\"@graph\":[{\"@type\":\"WebPage\",\"@id\":\"https:\\\/\\\/atlastoilets.com\\\/de\\\/csr\\\/\",\"url\":\"https:\\\/\\\/atlastoilets.com\\\/de\\\/csr\\\/\",\"name\":\"Soziale Verantwortung von Unternehmen (CSR) | Atlas Toilets\",\"isPartOf\":{\"@id\":\"https:\\\/\\\/atlastoilets.com\\\/#website\"},\"datePublished\":\"2023-02-17T14:22:45+00:00\",\"dateModified\":\"2023-07-26T09:32:14+00:00\",\"description\":\"Soziale Verantwortung von Unternehmen (CSR). Bei Atlas Sanitation Products legen wir gro\u00dfen Wert auf nachhaltige Gesch\u00e4ftspraktiken\",\"breadcrumb\":{\"@id\":\"https:\\\/\\\/atlastoilets.com\\\/de\\\/csr\\\/#breadcrumb\"},\"inLanguage\":\"de\",\"potentialAction\":[{\"@type\":\"ReadAction\",\"target\":[\"https:\\\/\\\/atlastoilets.com\\\/de\\\/csr\\\/\"]}]},{\"@type\":\"BreadcrumbList\",\"@id\":\"https:\\\/\\\/atlastoilets.com\\\/de\\\/csr\\\/#breadcrumb\",\"itemListElement\":[{\"@type\":\"ListItem\",\"position\":1,\"name\":\"Home\",\"item\":\"https:\\\/\\\/atlastoilets.com\\\/de\\\/\"},{\"@type\":\"ListItem\",\"position\":2,\"name\":\"Soziale Verantwortung von Unternehmen (CSR)\"}]},{\"@type\":\"WebSite\",\"@id\":\"https:\\\/\\\/atlastoilets.com\\\/#website\",\"url\":\"https:\\\/\\\/atlastoilets.com\\\/\",\"name\":\"Atlas Sanitation Products\",\"description\":\"Total supplier for toilet rental companies\",\"potentialAction\":[{\"@type\":\"SearchAction\",\"target\":{\"@type\":\"EntryPoint\",\"urlTemplate\":\"https:\\\/\\\/atlastoilets.com\\\/?s={search_term_string}\"},\"query-input\":{\"@type\":\"PropertyValueSpecification\",\"valueRequired\":true,\"valueName\":\"search_term_string\"}}],\"inLanguage\":\"de\"}]}<\/script>\n<!-- \/ Yoast SEO plugin. -->","yoast_head_json":{"title":"Soziale Verantwortung von Unternehmen (CSR) | Atlas Toilets","description":"Soziale Verantwortung von Unternehmen (CSR). Bei Atlas Sanitation Products legen wir gro\u00dfen Wert auf nachhaltige Gesch\u00e4ftspraktiken","robots":{"index":"index","follow":"follow","max-snippet":"max-snippet:-1","max-image-preview":"max-image-preview:large","max-video-preview":"max-video-preview:-1"},"canonical":"https:\/\/atlastoilets.com\/de\/csr\/","og_locale":"de_DE","og_type":"article","og_title":"Soziale Verantwortung von Unternehmen (CSR) | Atlas Toilets","og_description":"Soziale Verantwortung von Unternehmen (CSR). Bei Atlas Sanitation Products legen wir gro\u00dfen Wert auf nachhaltige Gesch\u00e4ftspraktiken","og_url":"https:\/\/atlastoilets.com\/de\/csr\/","og_site_name":"Atlas Sanitation Products","article_modified_time":"2023-07-26T09:32:14+00:00","twitter_card":"summary_large_image","twitter_misc":{"Gesch\u00e4tzte Lesezeit":"1\u00a0Minute"},"schema":{"@context":"https:\/\/schema.org","@graph":[{"@type":"WebPage","@id":"https:\/\/atlastoilets.com\/de\/csr\/","url":"https:\/\/atlastoilets.com\/de\/csr\/","name":"Soziale Verantwortung von Unternehmen (CSR) | Atlas Toilets","isPartOf":{"@id":"https:\/\/atlastoilets.com\/#website"},"datePublished":"2023-02-17T14:22:45+00:00","dateModified":"2023-07-26T09:32:14+00:00","description":"Soziale Verantwortung von Unternehmen (CSR). Bei Atlas Sanitation Products legen wir gro\u00dfen Wert auf nachhaltige Gesch\u00e4ftspraktiken","breadcrumb":{"@id":"https:\/\/atlastoilets.com\/de\/csr\/#breadcrumb"},"inLanguage":"de","potentialAction":[{"@type":"ReadAction","target":["https:\/\/atlastoilets.com\/de\/csr\/"]}]},{"@type":"BreadcrumbList","@id":"https:\/\/atlastoilets.com\/de\/csr\/#breadcrumb","itemListElement":[{"@type":"ListItem","position":1,"name":"Home","item":"https:\/\/atlastoilets.com\/de\/"},{"@type":"ListItem","position":2,"name":"Soziale Verantwortung von Unternehmen (CSR)"}]},{"@type":"WebSite","@id":"https:\/\/atlastoilets.com\/#website","url":"https:\/\/atlastoilets.com\/","name":"Atlas Sanitation Products","description":"Total supplier for toilet rental companies","potentialAction":[{"@type":"SearchAction","target":{"@type":"EntryPoint","urlTemplate":"https:\/\/atlastoilets.com\/?s={search_term_string}"},"query-input":{"@type":"PropertyValueSpecification","valueRequired":true,"valueName":"search_term_string"}}],"inLanguage":"de"}]}},"_links":{"self":[{"href":"https:\/\/atlastoilets.com\/de\/wp-json\/wp\/v2\/pages\/30963","targetHints":{"allow":["GET"]}}],"collection":[{"href":"https:\/\/atlastoilets.com\/de\/wp-json\/wp\/v2\/pages"}],"about":[{"href":"https:\/\/atlastoilets.com\/de\/wp-json\/wp\/v2\/types\/page"}],"author":[{"embeddable":true,"href":"https:\/\/atlastoilets.com\/de\/wp-json\/wp\/v2\/users\/3"}],"replies":[{"embeddable":true,"href":"https:\/\/atlastoilets.com\/de\/wp-json\/wp\/v2\/comments?post=30963"}],"version-history":[{"count":13,"href":"https:\/\/atlastoilets.com\/de\/wp-json\/wp\/v2\/pages\/30963\/revisions"}],"predecessor-version":[{"id":30996,"href":"https:\/\/atlastoilets.com\/de\/wp-json\/wp\/v2\/pages\/30963\/revisions\/30996"}],"wp:attachment":[{"href":"https:\/\/atlastoilets.com\/de\/wp-json\/wp\/v2\/media?parent=30963"}],"curies":[{"name":"wp","href":"https:\/\/api.w.org\/{rel}","templated":true}]}}