{"id":21906,"date":"2022-03-07T15:13:45","date_gmt":"2022-03-07T15:13:45","guid":{"rendered":"https:\/\/www.mobileurinal.eu\/?page_id=21906"},"modified":"2023-12-11T12:41:46","modified_gmt":"2023-12-11T12:41:46","slug":"haftungsausschluss","status":"publish","type":"page","link":"https:\/\/atlastoilets.com\/de\/haftungsausschluss\/","title":{"rendered":"Haftungsausschluss"},"content":{"rendered":"<p>[vc_row][vc_column width=&#8220;1\/3&#8243;][vc_column_text]<\/p>\n<h2 class=\"entry-title\">Haftungsausschluss<\/h2>\n<p>[\/vc_column_text][\/vc_column][vc_column width=&#8220;2\/3&#8243;][vc_column_text]<\/p>\n<p class=\"entry-title\">In diesem Haftungsausschluss gelten die folgenden Definitionen:<br \/>\nGebrauch (e): alle denkbaren Handlungen;<br \/>\nSie: der Benutzer (Besucher) der Website;<br \/>\nder Inhalt: alle auf der Website vorhandenen Inhalte;<br \/>\nFolgendes gilt f\u00fcr alle Seiten dieser Website. Durch die Nutzung der Website stimmen Sie diesem Haftungsausschluss zu.<br \/>\nDer Inhalt wird von Atlas Sanitation Products B.V. mit gr\u00f6\u00dftm\u00f6glicher Sorgfalt erstellt, jedoch \u00fcbernimmt der Eigent\u00fcmer keine Haftung f\u00fcr eventuelle Ungenauigkeiten der angezeigten Inhalte.<br \/>\nAtlas Sanitation Products B.V .. ist f\u00fcr den Inhalt der Websites, auf die verwiesen wird, nicht verantwortlich. Unerlaubte oder missbr\u00e4uchliche Verwendung der Inhalte (Bilder und Texte) oder Teilen davon verletzen die Rechte des geistigen Eigentums.<br \/>\nDie Erlaubnis, den gezeigten Inhalt oder Teile davon zu verwenden, ist nur nach schriftlicher Erlaubnis zul\u00e4ssig.<\/p>\n<p>[\/vc_column_text][\/vc_column][\/vc_row]<\/p>\n","protected":false},"excerpt":{"rendered":"<p>[vc_row][vc_column width=&#8220;1\/3&#8243;][vc_column_text] Haftungsausschluss [\/vc_column_text][\/vc_column][vc_column width=&#8220;2\/3&#8243;][vc_column_text] In diesem Haftungsausschluss gelten die folgenden Definitionen: Gebrauch (e): alle denkbaren Handlungen; Sie: der Benutzer (Besucher) der Website; der Inhalt: alle auf der Website vorhandenen Inhalte; Folgendes gilt f\u00fcr alle Seiten dieser Website. Durch die Nutzung der Website stimmen Sie diesem Haftungsausschluss zu. Der Inhalt wird von Atlas Sanitation Products [&hellip;]<\/p>\n","protected":false},"author":1,"featured_media":0,"parent":0,"menu_order":0,"comment_status":"closed","ping_status":"closed","template":"","meta":{"footnotes":""},"class_list":["post-21906","page","type-page","status-publish","hentry"],"yoast_head":"<!-- This site is optimized with the Yoast SEO plugin v27.5 - https:\/\/yoast.com\/product\/yoast-seo-wordpress\/ -->\n<title>Haftungsausschluss - Atlas Sanitation Products<\/title>\n<meta name=\"description\" content=\"Atlas Sanitation Products B.V.: Lesen Sie unseren Haftungsausschluss f\u00fcr eine sichere und informierte Website-Nutzung.\" \/>\n<meta name=\"robots\" content=\"index, follow, max-snippet:-1, max-image-preview:large, max-video-preview:-1\" \/>\n<link rel=\"canonical\" href=\"https:\/\/atlastoilets.com\/de\/haftungsausschluss\/\" \/>\n<meta property=\"og:locale\" content=\"de_DE\" \/>\n<meta property=\"og:type\" content=\"article\" \/>\n<meta property=\"og:title\" content=\"Haftungsausschluss - Atlas Sanitation Products\" \/>\n<meta property=\"og:description\" content=\"Atlas Sanitation Products B.V.: Lesen Sie unseren Haftungsausschluss f\u00fcr eine sichere und informierte Website-Nutzung.\" \/>\n<meta property=\"og:url\" content=\"https:\/\/atlastoilets.com\/de\/haftungsausschluss\/\" \/>\n<meta property=\"og:site_name\" content=\"Atlas Sanitation Products\" \/>\n<meta property=\"article:modified_time\" content=\"2023-12-11T12:41:46+00:00\" \/>\n<meta name=\"twitter:card\" content=\"summary_large_image\" \/>\n<meta name=\"twitter:label1\" content=\"Gesch\u00e4tzte Lesezeit\" \/>\n\t<meta name=\"twitter:data1\" content=\"1\u00a0Minute\" \/>\n<script type=\"application\/ld+json\" class=\"yoast-schema-graph\">{\"@context\":\"https:\\\/\\\/schema.org\",\"@graph\":[{\"@type\":\"WebPage\",\"@id\":\"https:\\\/\\\/atlastoilets.com\\\/de\\\/haftungsausschluss\\\/\",\"url\":\"https:\\\/\\\/atlastoilets.com\\\/de\\\/haftungsausschluss\\\/\",\"name\":\"Haftungsausschluss - Atlas Sanitation Products\",\"isPartOf\":{\"@id\":\"https:\\\/\\\/atlastoilets.com\\\/#website\"},\"datePublished\":\"2022-03-07T15:13:45+00:00\",\"dateModified\":\"2023-12-11T12:41:46+00:00\",\"description\":\"Atlas Sanitation Products B.V.: Lesen Sie unseren Haftungsausschluss f\u00fcr eine sichere und informierte Website-Nutzung.\",\"breadcrumb\":{\"@id\":\"https:\\\/\\\/atlastoilets.com\\\/de\\\/haftungsausschluss\\\/#breadcrumb\"},\"inLanguage\":\"de\",\"potentialAction\":[{\"@type\":\"ReadAction\",\"target\":[\"https:\\\/\\\/atlastoilets.com\\\/de\\\/haftungsausschluss\\\/\"]}]},{\"@type\":\"BreadcrumbList\",\"@id\":\"https:\\\/\\\/atlastoilets.com\\\/de\\\/haftungsausschluss\\\/#breadcrumb\",\"itemListElement\":[{\"@type\":\"ListItem\",\"position\":1,\"name\":\"Home\",\"item\":\"https:\\\/\\\/atlastoilets.com\\\/de\\\/\"},{\"@type\":\"ListItem\",\"position\":2,\"name\":\"Haftungsausschluss\"}]},{\"@type\":\"WebSite\",\"@id\":\"https:\\\/\\\/atlastoilets.com\\\/#website\",\"url\":\"https:\\\/\\\/atlastoilets.com\\\/\",\"name\":\"Atlas Sanitation Products\",\"description\":\"Total supplier for toilet rental companies\",\"potentialAction\":[{\"@type\":\"SearchAction\",\"target\":{\"@type\":\"EntryPoint\",\"urlTemplate\":\"https:\\\/\\\/atlastoilets.com\\\/?s={search_term_string}\"},\"query-input\":{\"@type\":\"PropertyValueSpecification\",\"valueRequired\":true,\"valueName\":\"search_term_string\"}}],\"inLanguage\":\"de\"}]}<\/script>\n<!-- \/ Yoast SEO plugin. -->","yoast_head_json":{"title":"Haftungsausschluss - Atlas Sanitation Products","description":"Atlas Sanitation Products B.V.: Lesen Sie unseren Haftungsausschluss f\u00fcr eine sichere und informierte Website-Nutzung.","robots":{"index":"index","follow":"follow","max-snippet":"max-snippet:-1","max-image-preview":"max-image-preview:large","max-video-preview":"max-video-preview:-1"},"canonical":"https:\/\/atlastoilets.com\/de\/haftungsausschluss\/","og_locale":"de_DE","og_type":"article","og_title":"Haftungsausschluss - Atlas Sanitation Products","og_description":"Atlas Sanitation Products B.V.: Lesen Sie unseren Haftungsausschluss f\u00fcr eine sichere und informierte Website-Nutzung.","og_url":"https:\/\/atlastoilets.com\/de\/haftungsausschluss\/","og_site_name":"Atlas Sanitation Products","article_modified_time":"2023-12-11T12:41:46+00:00","twitter_card":"summary_large_image","twitter_misc":{"Gesch\u00e4tzte Lesezeit":"1\u00a0Minute"},"schema":{"@context":"https:\/\/schema.org","@graph":[{"@type":"WebPage","@id":"https:\/\/atlastoilets.com\/de\/haftungsausschluss\/","url":"https:\/\/atlastoilets.com\/de\/haftungsausschluss\/","name":"Haftungsausschluss - Atlas Sanitation Products","isPartOf":{"@id":"https:\/\/atlastoilets.com\/#website"},"datePublished":"2022-03-07T15:13:45+00:00","dateModified":"2023-12-11T12:41:46+00:00","description":"Atlas Sanitation Products B.V.: Lesen Sie unseren Haftungsausschluss f\u00fcr eine sichere und informierte Website-Nutzung.","breadcrumb":{"@id":"https:\/\/atlastoilets.com\/de\/haftungsausschluss\/#breadcrumb"},"inLanguage":"de","potentialAction":[{"@type":"ReadAction","target":["https:\/\/atlastoilets.com\/de\/haftungsausschluss\/"]}]},{"@type":"BreadcrumbList","@id":"https:\/\/atlastoilets.com\/de\/haftungsausschluss\/#breadcrumb","itemListElement":[{"@type":"ListItem","position":1,"name":"Home","item":"https:\/\/atlastoilets.com\/de\/"},{"@type":"ListItem","position":2,"name":"Haftungsausschluss"}]},{"@type":"WebSite","@id":"https:\/\/atlastoilets.com\/#website","url":"https:\/\/atlastoilets.com\/","name":"Atlas Sanitation Products","description":"Total supplier for toilet rental companies","potentialAction":[{"@type":"SearchAction","target":{"@type":"EntryPoint","urlTemplate":"https:\/\/atlastoilets.com\/?s={search_term_string}"},"query-input":{"@type":"PropertyValueSpecification","valueRequired":true,"valueName":"search_term_string"}}],"inLanguage":"de"}]}},"_links":{"self":[{"href":"https:\/\/atlastoilets.com\/de\/wp-json\/wp\/v2\/pages\/21906","targetHints":{"allow":["GET"]}}],"collection":[{"href":"https:\/\/atlastoilets.com\/de\/wp-json\/wp\/v2\/pages"}],"about":[{"href":"https:\/\/atlastoilets.com\/de\/wp-json\/wp\/v2\/types\/page"}],"author":[{"embeddable":true,"href":"https:\/\/atlastoilets.com\/de\/wp-json\/wp\/v2\/users\/1"}],"replies":[{"embeddable":true,"href":"https:\/\/atlastoilets.com\/de\/wp-json\/wp\/v2\/comments?post=21906"}],"version-history":[{"count":1,"href":"https:\/\/atlastoilets.com\/de\/wp-json\/wp\/v2\/pages\/21906\/revisions"}],"predecessor-version":[{"id":21907,"href":"https:\/\/atlastoilets.com\/de\/wp-json\/wp\/v2\/pages\/21906\/revisions\/21907"}],"wp:attachment":[{"href":"https:\/\/atlastoilets.com\/de\/wp-json\/wp\/v2\/media?parent=21906"}],"curies":[{"name":"wp","href":"https:\/\/api.w.org\/{rel}","templated":true}]}}