{"id":20861,"date":"2022-03-15T12:53:38","date_gmt":"2022-03-15T12:53:38","guid":{"rendered":"https:\/\/www.mobileurinal.eu\/?page_id=20861"},"modified":"2023-12-11T12:44:10","modified_gmt":"2023-12-11T12:44:10","slug":"mein-zitat","status":"publish","type":"page","link":"https:\/\/atlastoilets.com\/de\/mein-zitat\/","title":{"rendered":"Mein Zitat"},"content":{"rendered":"\n<div class=\"woocommerce ywraq-wrapper ywraq-empty\">\n\t\t\t<div id=\"yith-ywraq-message\"><div class=\"ywraq-question-message\">\n\t<\/div>\n<\/div>\n\t\t\n\t\t\t\t<div class=\"ywraq-form-table-wrapper vertical\">\n\t\t\t<div class=\"ywraq-before-form\">\n\t<p class=\"ywraq_list_empty_message\">Deine Liste ist leer. Bitte f\u00fcge der Liste ein oder mehrere Produkte hinzu um ein Angebot einzuholen<p><p class=\"return-to-shop\"><a class=\"button wc-backward\" href=\"https:\/\/atlastoilets.com\/de\/shop-2\/\">Zur\u00fcck zum Shop<\/a><\/p><\/div>\n\t\t\t\t\t<\/div>\n\t<\/div>\n\n","protected":false},"excerpt":{"rendered":"Deine Liste ist leer. Bitte f\u00fcge der Liste ein oder mehrere Produkte hinzu um ein Angebot einzuholenZur\u00fcck zum Shop","protected":false},"author":1,"featured_media":0,"parent":0,"menu_order":0,"comment_status":"closed","ping_status":"closed","template":"","meta":{"footnotes":""},"class_list":["post-20861","page","type-page","status-publish","hentry"],"yoast_head":"<!-- This site is optimized with the Yoast SEO plugin v27.4 - https:\/\/yoast.com\/product\/yoast-seo-wordpress\/ -->\n<title>Mein Zitat - Atlas Sanitation Products<\/title>\n<meta name=\"description\" content=\"Erstelle dein pers\u00f6nliches Angebot bei Atlas Toilets \u2013 f\u00fcge Produkte hinzu f\u00fcr ma\u00dfgeschneiderte L\u00f6sungen.\" \/>\n<meta name=\"robots\" content=\"index, follow, max-snippet:-1, max-image-preview:large, max-video-preview:-1\" \/>\n<link rel=\"canonical\" href=\"https:\/\/atlastoilets.com\/de\/mein-zitat\/\" \/>\n<meta property=\"og:locale\" content=\"de_DE\" \/>\n<meta property=\"og:type\" content=\"article\" \/>\n<meta property=\"og:title\" content=\"Mein Zitat - Atlas Sanitation Products\" \/>\n<meta property=\"og:description\" content=\"Erstelle dein pers\u00f6nliches Angebot bei Atlas Toilets \u2013 f\u00fcge Produkte hinzu f\u00fcr ma\u00dfgeschneiderte L\u00f6sungen.\" \/>\n<meta property=\"og:url\" content=\"https:\/\/atlastoilets.com\/de\/mein-zitat\/\" \/>\n<meta property=\"og:site_name\" content=\"Atlas Sanitation Products\" \/>\n<meta property=\"article:modified_time\" content=\"2023-12-11T12:44:10+00:00\" \/>\n<meta name=\"twitter:card\" content=\"summary_large_image\" \/>\n<meta name=\"twitter:label1\" content=\"Gesch\u00e4tzte Lesezeit\" \/>\n\t<meta name=\"twitter:data1\" content=\"1\u00a0Minute\" \/>\n<script type=\"application\/ld+json\" class=\"yoast-schema-graph\">{\"@context\":\"https:\\\/\\\/schema.org\",\"@graph\":[{\"@type\":\"WebPage\",\"@id\":\"https:\\\/\\\/atlastoilets.com\\\/de\\\/mein-zitat\\\/\",\"url\":\"https:\\\/\\\/atlastoilets.com\\\/de\\\/mein-zitat\\\/\",\"name\":\"Mein Zitat - Atlas Sanitation Products\",\"isPartOf\":{\"@id\":\"https:\\\/\\\/atlastoilets.com\\\/#website\"},\"datePublished\":\"2022-03-15T12:53:38+00:00\",\"dateModified\":\"2023-12-11T12:44:10+00:00\",\"description\":\"Erstelle dein pers\u00f6nliches Angebot bei Atlas Toilets \u2013 f\u00fcge Produkte hinzu f\u00fcr ma\u00dfgeschneiderte L\u00f6sungen.\",\"breadcrumb\":{\"@id\":\"https:\\\/\\\/atlastoilets.com\\\/de\\\/mein-zitat\\\/#breadcrumb\"},\"inLanguage\":\"de\",\"potentialAction\":[{\"@type\":\"ReadAction\",\"target\":[\"https:\\\/\\\/atlastoilets.com\\\/de\\\/mein-zitat\\\/\"]}]},{\"@type\":\"BreadcrumbList\",\"@id\":\"https:\\\/\\\/atlastoilets.com\\\/de\\\/mein-zitat\\\/#breadcrumb\",\"itemListElement\":[{\"@type\":\"ListItem\",\"position\":1,\"name\":\"Home\",\"item\":\"https:\\\/\\\/atlastoilets.com\\\/de\\\/\"},{\"@type\":\"ListItem\",\"position\":2,\"name\":\"Mein Zitat\"}]},{\"@type\":\"WebSite\",\"@id\":\"https:\\\/\\\/atlastoilets.com\\\/#website\",\"url\":\"https:\\\/\\\/atlastoilets.com\\\/\",\"name\":\"Atlas Sanitation Products\",\"description\":\"Total supplier for toilet rental companies\",\"potentialAction\":[{\"@type\":\"SearchAction\",\"target\":{\"@type\":\"EntryPoint\",\"urlTemplate\":\"https:\\\/\\\/atlastoilets.com\\\/?s={search_term_string}\"},\"query-input\":{\"@type\":\"PropertyValueSpecification\",\"valueRequired\":true,\"valueName\":\"search_term_string\"}}],\"inLanguage\":\"de\"}]}<\/script>\n<!-- \/ Yoast SEO plugin. -->","yoast_head_json":{"title":"Mein Zitat - Atlas Sanitation Products","description":"Erstelle dein pers\u00f6nliches Angebot bei Atlas Toilets \u2013 f\u00fcge Produkte hinzu f\u00fcr ma\u00dfgeschneiderte L\u00f6sungen.","robots":{"index":"index","follow":"follow","max-snippet":"max-snippet:-1","max-image-preview":"max-image-preview:large","max-video-preview":"max-video-preview:-1"},"canonical":"https:\/\/atlastoilets.com\/de\/mein-zitat\/","og_locale":"de_DE","og_type":"article","og_title":"Mein Zitat - Atlas Sanitation Products","og_description":"Erstelle dein pers\u00f6nliches Angebot bei Atlas Toilets \u2013 f\u00fcge Produkte hinzu f\u00fcr ma\u00dfgeschneiderte L\u00f6sungen.","og_url":"https:\/\/atlastoilets.com\/de\/mein-zitat\/","og_site_name":"Atlas Sanitation Products","article_modified_time":"2023-12-11T12:44:10+00:00","twitter_card":"summary_large_image","twitter_misc":{"Gesch\u00e4tzte Lesezeit":"1\u00a0Minute"},"schema":{"@context":"https:\/\/schema.org","@graph":[{"@type":"WebPage","@id":"https:\/\/atlastoilets.com\/de\/mein-zitat\/","url":"https:\/\/atlastoilets.com\/de\/mein-zitat\/","name":"Mein Zitat - Atlas Sanitation Products","isPartOf":{"@id":"https:\/\/atlastoilets.com\/#website"},"datePublished":"2022-03-15T12:53:38+00:00","dateModified":"2023-12-11T12:44:10+00:00","description":"Erstelle dein pers\u00f6nliches Angebot bei Atlas Toilets \u2013 f\u00fcge Produkte hinzu f\u00fcr ma\u00dfgeschneiderte L\u00f6sungen.","breadcrumb":{"@id":"https:\/\/atlastoilets.com\/de\/mein-zitat\/#breadcrumb"},"inLanguage":"de","potentialAction":[{"@type":"ReadAction","target":["https:\/\/atlastoilets.com\/de\/mein-zitat\/"]}]},{"@type":"BreadcrumbList","@id":"https:\/\/atlastoilets.com\/de\/mein-zitat\/#breadcrumb","itemListElement":[{"@type":"ListItem","position":1,"name":"Home","item":"https:\/\/atlastoilets.com\/de\/"},{"@type":"ListItem","position":2,"name":"Mein Zitat"}]},{"@type":"WebSite","@id":"https:\/\/atlastoilets.com\/#website","url":"https:\/\/atlastoilets.com\/","name":"Atlas Sanitation Products","description":"Total supplier for toilet rental companies","potentialAction":[{"@type":"SearchAction","target":{"@type":"EntryPoint","urlTemplate":"https:\/\/atlastoilets.com\/?s={search_term_string}"},"query-input":{"@type":"PropertyValueSpecification","valueRequired":true,"valueName":"search_term_string"}}],"inLanguage":"de"}]}},"_links":{"self":[{"href":"https:\/\/atlastoilets.com\/de\/wp-json\/wp\/v2\/pages\/20861","targetHints":{"allow":["GET"]}}],"collection":[{"href":"https:\/\/atlastoilets.com\/de\/wp-json\/wp\/v2\/pages"}],"about":[{"href":"https:\/\/atlastoilets.com\/de\/wp-json\/wp\/v2\/types\/page"}],"author":[{"embeddable":true,"href":"https:\/\/atlastoilets.com\/de\/wp-json\/wp\/v2\/users\/1"}],"replies":[{"embeddable":true,"href":"https:\/\/atlastoilets.com\/de\/wp-json\/wp\/v2\/comments?post=20861"}],"version-history":[{"count":2,"href":"https:\/\/atlastoilets.com\/de\/wp-json\/wp\/v2\/pages\/20861\/revisions"}],"predecessor-version":[{"id":20863,"href":"https:\/\/atlastoilets.com\/de\/wp-json\/wp\/v2\/pages\/20861\/revisions\/20863"}],"wp:attachment":[{"href":"https:\/\/atlastoilets.com\/de\/wp-json\/wp\/v2\/media?parent=20861"}],"curies":[{"name":"wp","href":"https:\/\/api.w.org\/{rel}","templated":true}]}}